{"id":6150,"date":"2025-05-15T06:54:45","date_gmt":"2025-05-15T06:54:45","guid":{"rendered":"https:\/\/bentego.com\/gizlilik-politikasi\/"},"modified":"2025-07-28T10:57:51","modified_gmt":"2025-07-28T10:57:51","slug":"gizlilik-politikasi","status":"publish","type":"page","link":"https:\/\/bentego.com\/tr\/gizlilik-politikasi\/","title":{"rendered":"Gizlilik Politikas\u0131"},"content":{"rendered":"\t\t<div data-elementor-type=\"wp-page\" data-elementor-id=\"6150\" class=\"elementor elementor-6150 elementor-3\" data-elementor-settings=\"{&quot;element_pack_global_tooltip_width&quot;:{&quot;unit&quot;:&quot;px&quot;,&quot;size&quot;:&quot;&quot;,&quot;sizes&quot;:[]},&quot;element_pack_global_tooltip_width_tablet&quot;:{&quot;unit&quot;:&quot;px&quot;,&quot;size&quot;:&quot;&quot;,&quot;sizes&quot;:[]},&quot;element_pack_global_tooltip_width_mobile&quot;:{&quot;unit&quot;:&quot;px&quot;,&quot;size&quot;:&quot;&quot;,&quot;sizes&quot;:[]},&quot;element_pack_global_tooltip_padding&quot;:{&quot;unit&quot;:&quot;px&quot;,&quot;top&quot;:&quot;&quot;,&quot;right&quot;:&quot;&quot;,&quot;bottom&quot;:&quot;&quot;,&quot;left&quot;:&quot;&quot;,&quot;isLinked&quot;:true},&quot;element_pack_global_tooltip_padding_tablet&quot;:{&quot;unit&quot;:&quot;px&quot;,&quot;top&quot;:&quot;&quot;,&quot;right&quot;:&quot;&quot;,&quot;bottom&quot;:&quot;&quot;,&quot;left&quot;:&quot;&quot;,&quot;isLinked&quot;:true},&quot;element_pack_global_tooltip_padding_mobile&quot;:{&quot;unit&quot;:&quot;px&quot;,&quot;top&quot;:&quot;&quot;,&quot;right&quot;:&quot;&quot;,&quot;bottom&quot;:&quot;&quot;,&quot;left&quot;:&quot;&quot;,&quot;isLinked&quot;:true},&quot;element_pack_global_tooltip_border_radius&quot;:{&quot;unit&quot;:&quot;px&quot;,&quot;top&quot;:&quot;&quot;,&quot;right&quot;:&quot;&quot;,&quot;bottom&quot;:&quot;&quot;,&quot;left&quot;:&quot;&quot;,&quot;isLinked&quot;:true},&quot;element_pack_global_tooltip_border_radius_tablet&quot;:{&quot;unit&quot;:&quot;px&quot;,&quot;top&quot;:&quot;&quot;,&quot;right&quot;:&quot;&quot;,&quot;bottom&quot;:&quot;&quot;,&quot;left&quot;:&quot;&quot;,&quot;isLinked&quot;:true},&quot;element_pack_global_tooltip_border_radius_mobile&quot;:{&quot;unit&quot;:&quot;px&quot;,&quot;top&quot;:&quot;&quot;,&quot;right&quot;:&quot;&quot;,&quot;bottom&quot;:&quot;&quot;,&quot;left&quot;:&quot;&quot;,&quot;isLinked&quot;:true}}\">\n\t\t\t\t<div class=\"elementor-element elementor-element-6b4e6223 e-flex e-con-boxed e-con e-parent\" data-id=\"6b4e6223\" data-element_type=\"container\">\n\t\t\t\t\t<div class=\"e-con-inner\">\n\t\t\t\t<div class=\"elementor-element elementor-element-2ec6a23c elementor-widget elementor-widget-text-editor\" data-id=\"2ec6a23c\" data-element_type=\"widget\" data-widget_type=\"text-editor.default\">\n\t\t\t\t<div class=\"elementor-widget-container\">\n\t\t\t\t\t\t\t\t\t\n<p><a class=\"\" href=\"https:\/\/bentego.com\/tr\/\">https:\/\/bentego.com\/<\/a> adresinde (bundan b\u00f6yle &#8220;Platform&#8221; olarak an\u0131lacakt\u0131r), oturum \u00e7erezleri, kal\u0131c\u0131 \u00e7erezler, teknik \u00e7erezler, kimlik do\u011frulama \u00e7erezleri, flash \u00e7erezler, \u00f6zelle\u015ftirme \u00e7erezleri, analitik \u00e7erezler ve \u00fc\u00e7\u00fcnc\u00fc taraf \u00e7erezleri dahil olmak \u00fczere \u00e7e\u015fitli \u00e7erez t\u00fcrleri kullan\u0131lmaktad\u0131r. \u00c7erez kullan\u0131m\u0131na izin vermemeyi tercih ederseniz, taray\u0131c\u0131 ayarlar\u0131n\u0131z arac\u0131l\u0131\u011f\u0131yla \u00e7erezleri silebilir veya engelleyebilirsiniz. Ancak, bunun Platform deneyiminizi ve i\u015flevselli\u011finizi etkileyebilece\u011fini l\u00fctfen unutmay\u0131n. Taray\u0131c\u0131 ayarlar\u0131n\u0131z\u0131 \u00e7erezleri devre d\u0131\u015f\u0131 b\u0131rakacak \u015fekilde de\u011fi\u015ftirmedi\u011finiz s\u00fcrece, Platformda \u00e7erez kullan\u0131m\u0131n\u0131 kabul etmi\u015f say\u0131lacaks\u0131n\u0131z. Verilerinizi nas\u0131l i\u015fledi\u011fimiz hakk\u0131nda daha fazla bilgi i\u00e7in l\u00fctfen web sitemizde ve uygulamam\u0131zda bulunan <strong>Gizlilik Politikam\u0131za<\/strong> bak\u0131n.    <\/p>\n<hr class=\"wp-block-separator has-alpha-channel-opacity\">\n<h3 class=\"wp-block-heading\">PLATFORMDA KULLANILAN \u00c7EREZLER<\/h3>\n\n<h4 class=\"wp-block-heading\">\u00c7erezler Nedir ve Neden Kullan\u0131l\u0131r?<\/h4>\n\n<p>\u00c7erezler, ziyaret etti\u011finiz internet siteleri taraf\u0131ndan taray\u0131c\u0131lar arac\u0131l\u0131\u011f\u0131yla cihaz\u0131n\u0131za veya a\u011f sunucusuna depolanan k\u00fc\u00e7\u00fck metin dosyalar\u0131d\u0131r. \u00c7erezler hakk\u0131nda daha detayl\u0131 bilgi i\u00e7in <a class=\"\" href=\"http:\/\/www.aboutcookies.org\/\">www.aboutcookies.org<\/a> ve <a class=\"\" href=\"http:\/\/www.allaboutcookies.org\/\">www.allaboutcookies.org<\/a> adreslerini ziyaret edebilirsiniz. <\/p>\n\n<p>Platform&#8217;da \u00e7erezler temel olarak a\u015fa\u011f\u0131daki ama\u00e7lar i\u00e7in kullan\u0131lmaktad\u0131r:<\/p>\n\n<ul class=\"wp-block-list\">\n<li>Platformun i\u015flevselli\u011fini ve performans\u0131n\u0131 geli\u015ftirmek ve size sunulan hizmetleri iyile\u015ftirmek i\u00e7in.<\/li>\n\n<li>Platformu iyile\u015ftirmek ve tercihlerinize g\u00f6re uyarlanm\u0131\u015f yeni \u00f6zellikler sunmak i\u00e7in.<\/li>\n\n<li>Sizin ve <strong>Bentego Teknoloji A.\u015e.&#8217;nin<\/strong> hukuki ve ticari g\u00fcvenli\u011fini temin etmek.<\/li>\n<\/ul>\n<hr class=\"wp-block-separator has-alpha-channel-opacity\">\n<h3 class=\"wp-block-heading\">Platformda Kullan\u0131lan \u00c7erezlerin S\u00fcresi<\/h3>\n\n<p><strong>Oturum \u00c7erezleri:<\/strong><br>Platformu ziyaretiniz s\u0131ras\u0131nda kullan\u0131lan ve siz taray\u0131c\u0131n\u0131z\u0131 kapatt\u0131ktan sonra silinen ge\u00e7ici \u00e7erezlerdir. Birincil ama\u00e7lar\u0131, ziyaretiniz s\u0131ras\u0131nda Platformun d\u00fczg\u00fcn \u00e7al\u0131\u015fmas\u0131n\u0131 sa\u011flamakt\u0131r (\u00f6rne\u011fin, \u00e7ok sayfal\u0131 \u00e7evrimi\u00e7i formlar\u0131 etkinle\u015ftirmek). <\/p>\n\n<p><strong>Kal\u0131c\u0131 \u00c7erezler:<\/strong><br>Bu \u00e7erezler taray\u0131c\u0131lar arac\u0131l\u0131\u011f\u0131yla cihaz\u0131n\u0131zda depolan\u0131r ve tercihlerinizi hat\u0131rlayarak daha h\u0131zl\u0131 ve geli\u015fmi\u015f bir hizmet sunmak i\u00e7in kullan\u0131l\u0131r. \u00d6rne\u011fin, Platform&#8217;u kullan\u0131m\u0131n\u0131za ba\u011fl\u0131 olarak, ki\u015fiselle\u015ftirilmi\u015f \u00f6neriler ve i\u00e7erikler sunmak i\u00e7in bu \u00e7erezler kullan\u0131labilir. <\/p>\n<hr class=\"wp-block-separator has-alpha-channel-opacity\">\n<h3 class=\"wp-block-heading\">Platformda Kullan\u0131lan \u00c7erez Kategorileri<\/h3>\n\n<p><strong>Teknik \u00c7erezler:<\/strong><br>Platform&#8217;un d\u00fczg\u00fcn \u00e7al\u0131\u015fmas\u0131n\u0131 sa\u011flar ve \u00e7al\u0131\u015fmayan sayfalar\u0131n veya alanlar\u0131n tespit edilmesine yard\u0131mc\u0131 olur.<\/p>\n\n<p><strong>Kimlik Do\u011frulama \u00c7erezleri:<\/strong><br>Kullan\u0131c\u0131lar\u0131n bir kez giri\u015f yapt\u0131ktan sonra kimliklerini belirleyerek her sayfada \u015fifrelerini tekrar girmelerini \u00f6nler.<\/p>\n\n<p><strong>Flash \u00c7erezler:<\/strong><br>Platformdaki ses veya video i\u00e7eri\u011fini etkinle\u015ftirin.<\/p>\n\n<p><strong>\u00d6zelle\u015ftirme \u00c7erezleri:<\/strong><br>Farkl\u0131 sayfalar\u0131 veya web sitelerini ziyaret ederken bile tercihlerinizi (\u00f6rne\u011fin, dil ayarlar\u0131) hat\u0131rlay\u0131n.<\/p>\n\n<p><strong>Analitik \u00c7erezler:<\/strong><br>Ziyaret\u00e7i say\u0131s\u0131, g\u00f6r\u00fcnt\u00fclenen sayfalar, kayd\u0131rma hareketleri ve ziyaret saatleri gibi analitik veriler sa\u011flar.<\/p>\n<hr class=\"wp-block-separator has-alpha-channel-opacity\">\n<h3 class=\"wp-block-heading\">\u00c7erez Tan\u0131m\u0131, S\u00fcresi ve Tercihleri<\/h3>\n\n<figure class=\"wp-block-table\">\n<table class=\"has-fixed-layout\">\n<thead>\n<tr>\n<th>\u00c7erez T\u00fcr\u00fc<\/th>\n<th>Ama\u00e7<\/th>\n<th>S\u00fcre<\/th>\n<th>Kullan\u0131c\u0131 Kontrol\u00fc<\/th>\n<\/tr>\n<\/thead>\n<tbody>\n<tr>\n<td><strong>Reklamc\u0131l\u0131k<\/strong><\/td>\n<td>Davran\u0131\u015fsal olarak hedeflenmi\u015f reklamlar\u0131 g\u00f6stermek i\u00e7in kullan\u0131l\u0131r.<\/td>\n<td>6 ay<\/td>\n<td>Taray\u0131c\u0131 \u00fczerinden kabul edilebilir\/reddedilebilir<\/td>\n<\/tr>\n<tr>\n<td><strong>Pazar Analizi<\/strong><\/td>\n<td>Pazar ara\u015ft\u0131rmas\u0131 yapmak i\u00e7in kullan\u0131l\u0131r.<\/td>\n<td>360 g\u00fcn<\/td>\n<td>Taray\u0131c\u0131 \u00fczerinden kabul edilebilir\/reddedilebilir<\/td>\n<\/tr>\n<tr>\n<td><strong>Kampanyalar\/Promolar<\/strong><\/td>\n<td>Kampanyalar\u0131n etkinli\u011fini \u00f6l\u00e7mek i\u00e7in kullan\u0131l\u0131r.<\/td>\n<td>360 g\u00fcn<\/td>\n<td>Taray\u0131c\u0131 \u00fczerinden kabul edilebilir\/reddedilebilir<\/td>\n<\/tr>\n<tr>\n<td><strong>Facebook<\/strong><\/td>\n<td>Pazarlama ve \u00fcr\u00fcn geli\u015ftirme i\u00e7in kullan\u0131c\u0131lar\u0131 takip etmek amac\u0131yla kullan\u0131l\u0131r.<\/td>\n<td>360 g\u00fcn<\/td>\n<td>Taray\u0131c\u0131 \u00fczerinden kabul edilebilir\/reddedilebilir<\/td>\n<\/tr>\n<tr>\n<td><strong>Google Analytics<\/strong><\/td>\n<td>Sunumu ve kullan\u0131m\u0131 iyile\u015ftirmek i\u00e7in istatistiksel veriler toplar. Veriler ABD&#8217;deki Google sunucular\u0131na aktar\u0131l\u0131r ve veri koruma politikalar\u0131na g\u00f6re i\u015flenir. <\/td>\n<td>De\u011fi\u015fken<\/td>\n<td>Taray\u0131c\u0131 \u00fczerinden kabul edilebilir\/reddedilebilir<\/td>\n<\/tr>\n<tr>\n<td><strong>Y\u00f6nlendiren Site<\/strong><\/td>\n<td>Daha alakal\u0131 i\u00e7erik sunmak i\u00e7in tercihleri anlar.<\/td>\n<td>360 g\u00fcn<\/td>\n<td>Taray\u0131c\u0131 \u00fczerinden kabul edilebilir\/reddedilebilir<\/td>\n<\/tr>\n<tr>\n<td><strong>Son Ziyaret &amp; Etkinlik<\/strong><\/td>\n<td>Son ziyaretinizden bu yana g\u00fcncellemeleri izler ve tercihleri anlar.<\/td>\n<td>360 g\u00fcn<\/td>\n<td>Taray\u0131c\u0131 \u00fczerinden kabul edilebilir\/reddedilebilir<\/td>\n<\/tr>\n<tr>\n<td><strong>Oturum \u00c7erezleri<\/strong><\/td>\n<td>Oturum s\u00fcreklili\u011fini korur.<\/td>\n<td>90 g\u00fcn<\/td>\n<td>Taray\u0131c\u0131 \u00fczerinden kabul edilebilir\/reddedilebilir<\/td>\n<\/tr>\n<tr>\n<td><strong>Kullan\u0131c\u0131 Kimli\u011fi \u00c7erezleri<\/strong><\/td>\n<td>Kullan\u0131c\u0131lar\u0131n yaln\u0131zca kendi verilerine eri\u015febilmesini sa\u011flar.<\/td>\n<td>360 g\u00fcn<\/td>\n<td>Taray\u0131c\u0131 \u00fczerinden kabul edilebilir\/reddedilebilir<\/td>\n<\/tr>\n<\/tbody>\n<\/table>\n<\/figure>\n<hr class=\"wp-block-separator has-alpha-channel-opacity\">\n<h3 class=\"wp-block-heading\">Kullan\u0131c\u0131lar \u00c7erezlerin Kullan\u0131m\u0131n\u0131 Kontrol Edebilir mi?<\/h3>\n\n<p>Evet. Taray\u0131c\u0131 ayarlar\u0131n\u0131z\u0131 de\u011fi\u015ftirerek \u00e7erez tercihlerinizi ki\u015fiselle\u015ftirebilirsiniz. Ancak, \u00e7erezlerin devre d\u0131\u015f\u0131 b\u0131rak\u0131lmas\u0131 belirli \u00f6zelliklerin i\u015flevselli\u011fini etkileyebilir, deneyiminizi s\u0131n\u0131rlayabilir veya ki\u015fiselle\u015ftirilmi\u015f i\u00e7eri\u011fe eri\u015fimi engelleyebilir. Platform&#8217;a farkl\u0131 cihazlardan (\u00f6r. bilgisayar, ak\u0131ll\u0131 telefon, tablet) eri\u015fiyorsan\u0131z, her cihazdaki taray\u0131c\u0131n\u0131n \u00e7erez tercihlerinize g\u00f6re ayarland\u0131\u011f\u0131ndan emin olun.   <\/p>\n\t\t\t\t\t\t\t\t<\/div>\n\t\t\t\t<\/div>\n\t\t\t\t\t<\/div>\n\t\t\t\t<\/div>\n\t\t\t\t<\/div>\n\t\t","protected":false},"excerpt":{"rendered":"<p>https:\/\/bentego.com\/ adresinde (bundan b\u00f6yle &#8220;Platform&#8221; olarak an\u0131lacakt\u0131r), oturum \u00e7erezleri, kal\u0131c\u0131 \u00e7erezler, teknik \u00e7erezler, kimlik do\u011frulama \u00e7erezleri, flash \u00e7erezler, \u00f6zelle\u015ftirme \u00e7erezleri, analitik \u00e7erezler [&hellip;]<\/p>\n","protected":false},"author":1,"featured_media":0,"parent":0,"menu_order":0,"comment_status":"closed","ping_status":"open","template":"","meta":{"inline_featured_image":false,"footnotes":""},"class_list":["post-6150","page","type-page","status-publish","hentry"],"yoast_head":"<!-- This site is optimized with the Yoast SEO plugin v25.4 - https:\/\/yoast.com\/wordpress\/plugins\/seo\/ -->\n<title>Gizlilik Politikas\u0131 - Bentego<\/title>\n<meta name=\"robots\" content=\"index, follow, max-snippet:-1, max-image-preview:large, max-video-preview:-1\" \/>\n<link rel=\"canonical\" href=\"https:\/\/bentego.com\/tr\/gizlilik-politikasi\/\" \/>\n<meta property=\"og:locale\" content=\"tr_TR\" \/>\n<meta property=\"og:type\" content=\"article\" \/>\n<meta property=\"og:title\" content=\"Gizlilik Politikas\u0131 - Bentego\" \/>\n<meta property=\"og:description\" content=\"https:\/\/bentego.com\/ adresinde (bundan b\u00f6yle &#8220;Platform&#8221; olarak an\u0131lacakt\u0131r), oturum \u00e7erezleri, kal\u0131c\u0131 \u00e7erezler, teknik \u00e7erezler, kimlik do\u011frulama \u00e7erezleri, flash \u00e7erezler, \u00f6zelle\u015ftirme \u00e7erezleri, analitik \u00e7erezler [&hellip;]\" \/>\n<meta property=\"og:url\" content=\"https:\/\/bentego.com\/tr\/gizlilik-politikasi\/\" \/>\n<meta property=\"og:site_name\" content=\"Bentego\" \/>\n<meta property=\"article:modified_time\" content=\"2025-07-28T10:57:51+00:00\" \/>\n<meta name=\"twitter:card\" content=\"summary_large_image\" \/>\n<meta name=\"twitter:label1\" content=\"Tahmini okuma s\u00fcresi\" \/>\n\t<meta name=\"twitter:data1\" content=\"4 dakika\" \/>\n<script type=\"application\/ld+json\" class=\"yoast-schema-graph\">{\"@context\":\"https:\/\/schema.org\",\"@graph\":[{\"@type\":\"WebPage\",\"@id\":\"https:\/\/bentego.com\/tr\/gizlilik-politikasi\/\",\"url\":\"https:\/\/bentego.com\/tr\/gizlilik-politikasi\/\",\"name\":\"Gizlilik Politikas\u0131 - Bentego\",\"isPartOf\":{\"@id\":\"https:\/\/bentego.com\/tr\/#website\"},\"datePublished\":\"2025-05-15T06:54:45+00:00\",\"dateModified\":\"2025-07-28T10:57:51+00:00\",\"breadcrumb\":{\"@id\":\"https:\/\/bentego.com\/tr\/gizlilik-politikasi\/#breadcrumb\"},\"inLanguage\":\"tr\",\"potentialAction\":[{\"@type\":\"ReadAction\",\"target\":[\"https:\/\/bentego.com\/tr\/gizlilik-politikasi\/\"]}]},{\"@type\":\"BreadcrumbList\",\"@id\":\"https:\/\/bentego.com\/tr\/gizlilik-politikasi\/#breadcrumb\",\"itemListElement\":[{\"@type\":\"ListItem\",\"position\":1,\"name\":\"Home\",\"item\":\"https:\/\/bentego.com\/tr\/\"},{\"@type\":\"ListItem\",\"position\":2,\"name\":\"Gizlilik Politikas\u0131\"}]},{\"@type\":\"WebSite\",\"@id\":\"https:\/\/bentego.com\/tr\/#website\",\"url\":\"https:\/\/bentego.com\/tr\/\",\"name\":\"Bentego\",\"description\":\"Turning data into enterprise value\",\"publisher\":{\"@id\":\"https:\/\/bentego.com\/tr\/#organization\"},\"potentialAction\":[{\"@type\":\"SearchAction\",\"target\":{\"@type\":\"EntryPoint\",\"urlTemplate\":\"https:\/\/bentego.com\/tr\/?s={search_term_string}\"},\"query-input\":{\"@type\":\"PropertyValueSpecification\",\"valueRequired\":true,\"valueName\":\"search_term_string\"}}],\"inLanguage\":\"tr\"},{\"@type\":\"Organization\",\"@id\":\"https:\/\/bentego.com\/tr\/#organization\",\"name\":\"Bentego\",\"url\":\"https:\/\/bentego.com\/tr\/\",\"logo\":{\"@type\":\"ImageObject\",\"inLanguage\":\"tr\",\"@id\":\"https:\/\/bentego.com\/tr\/#\/schema\/logo\/image\/\",\"url\":\"https:\/\/bentego.com\/wp-content\/uploads\/2025\/05\/logo-bentego.svg\",\"contentUrl\":\"https:\/\/bentego.com\/wp-content\/uploads\/2025\/05\/logo-bentego.svg\",\"width\":433,\"height\":109,\"caption\":\"Bentego\"},\"image\":{\"@id\":\"https:\/\/bentego.com\/tr\/#\/schema\/logo\/image\/\"}}]}<\/script>\n<!-- \/ Yoast SEO plugin. -->","yoast_head_json":{"title":"Gizlilik Politikas\u0131 - Bentego","robots":{"index":"index","follow":"follow","max-snippet":"max-snippet:-1","max-image-preview":"max-image-preview:large","max-video-preview":"max-video-preview:-1"},"canonical":"https:\/\/bentego.com\/tr\/gizlilik-politikasi\/","og_locale":"tr_TR","og_type":"article","og_title":"Gizlilik Politikas\u0131 - Bentego","og_description":"https:\/\/bentego.com\/ adresinde (bundan b\u00f6yle &#8220;Platform&#8221; olarak an\u0131lacakt\u0131r), oturum \u00e7erezleri, kal\u0131c\u0131 \u00e7erezler, teknik \u00e7erezler, kimlik do\u011frulama \u00e7erezleri, flash \u00e7erezler, \u00f6zelle\u015ftirme \u00e7erezleri, analitik \u00e7erezler [&hellip;]","og_url":"https:\/\/bentego.com\/tr\/gizlilik-politikasi\/","og_site_name":"Bentego","article_modified_time":"2025-07-28T10:57:51+00:00","twitter_card":"summary_large_image","twitter_misc":{"Tahmini okuma s\u00fcresi":"4 dakika"},"schema":{"@context":"https:\/\/schema.org","@graph":[{"@type":"WebPage","@id":"https:\/\/bentego.com\/tr\/gizlilik-politikasi\/","url":"https:\/\/bentego.com\/tr\/gizlilik-politikasi\/","name":"Gizlilik Politikas\u0131 - Bentego","isPartOf":{"@id":"https:\/\/bentego.com\/tr\/#website"},"datePublished":"2025-05-15T06:54:45+00:00","dateModified":"2025-07-28T10:57:51+00:00","breadcrumb":{"@id":"https:\/\/bentego.com\/tr\/gizlilik-politikasi\/#breadcrumb"},"inLanguage":"tr","potentialAction":[{"@type":"ReadAction","target":["https:\/\/bentego.com\/tr\/gizlilik-politikasi\/"]}]},{"@type":"BreadcrumbList","@id":"https:\/\/bentego.com\/tr\/gizlilik-politikasi\/#breadcrumb","itemListElement":[{"@type":"ListItem","position":1,"name":"Home","item":"https:\/\/bentego.com\/tr\/"},{"@type":"ListItem","position":2,"name":"Gizlilik Politikas\u0131"}]},{"@type":"WebSite","@id":"https:\/\/bentego.com\/tr\/#website","url":"https:\/\/bentego.com\/tr\/","name":"Bentego","description":"Turning data into enterprise value","publisher":{"@id":"https:\/\/bentego.com\/tr\/#organization"},"potentialAction":[{"@type":"SearchAction","target":{"@type":"EntryPoint","urlTemplate":"https:\/\/bentego.com\/tr\/?s={search_term_string}"},"query-input":{"@type":"PropertyValueSpecification","valueRequired":true,"valueName":"search_term_string"}}],"inLanguage":"tr"},{"@type":"Organization","@id":"https:\/\/bentego.com\/tr\/#organization","name":"Bentego","url":"https:\/\/bentego.com\/tr\/","logo":{"@type":"ImageObject","inLanguage":"tr","@id":"https:\/\/bentego.com\/tr\/#\/schema\/logo\/image\/","url":"https:\/\/bentego.com\/wp-content\/uploads\/2025\/05\/logo-bentego.svg","contentUrl":"https:\/\/bentego.com\/wp-content\/uploads\/2025\/05\/logo-bentego.svg","width":433,"height":109,"caption":"Bentego"},"image":{"@id":"https:\/\/bentego.com\/tr\/#\/schema\/logo\/image\/"}}]}},"_links":{"self":[{"href":"https:\/\/bentego.com\/tr\/wp-json\/wp\/v2\/pages\/6150","targetHints":{"allow":["GET"]}}],"collection":[{"href":"https:\/\/bentego.com\/tr\/wp-json\/wp\/v2\/pages"}],"about":[{"href":"https:\/\/bentego.com\/tr\/wp-json\/wp\/v2\/types\/page"}],"author":[{"embeddable":true,"href":"https:\/\/bentego.com\/tr\/wp-json\/wp\/v2\/users\/1"}],"replies":[{"embeddable":true,"href":"https:\/\/bentego.com\/tr\/wp-json\/wp\/v2\/comments?post=6150"}],"version-history":[{"count":5,"href":"https:\/\/bentego.com\/tr\/wp-json\/wp\/v2\/pages\/6150\/revisions"}],"predecessor-version":[{"id":6155,"href":"https:\/\/bentego.com\/tr\/wp-json\/wp\/v2\/pages\/6150\/revisions\/6155"}],"wp:attachment":[{"href":"https:\/\/bentego.com\/tr\/wp-json\/wp\/v2\/media?parent=6150"}],"curies":[{"name":"wp","href":"https:\/\/api.w.org\/{rel}","templated":true}]}}