{"id":5999,"date":"2025-06-17T18:03:46","date_gmt":"2025-06-17T18:03:46","guid":{"rendered":"https:\/\/bentego.com\/blog\/"},"modified":"2025-07-28T09:20:05","modified_gmt":"2025-07-28T09:20:05","slug":"blog","status":"publish","type":"page","link":"https:\/\/bentego.com\/tr\/blog\/","title":{"rendered":"Blog"},"content":{"rendered":"\t\t<div data-elementor-type=\"wp-page\" data-elementor-id=\"5999\" class=\"elementor elementor-5999 elementor-631\" data-elementor-settings=\"{&quot;element_pack_global_tooltip_width&quot;:{&quot;unit&quot;:&quot;px&quot;,&quot;size&quot;:&quot;&quot;,&quot;sizes&quot;:[]},&quot;element_pack_global_tooltip_width_tablet&quot;:{&quot;unit&quot;:&quot;px&quot;,&quot;size&quot;:&quot;&quot;,&quot;sizes&quot;:[]},&quot;element_pack_global_tooltip_width_mobile&quot;:{&quot;unit&quot;:&quot;px&quot;,&quot;size&quot;:&quot;&quot;,&quot;sizes&quot;:[]},&quot;element_pack_global_tooltip_padding&quot;:{&quot;unit&quot;:&quot;px&quot;,&quot;top&quot;:&quot;&quot;,&quot;right&quot;:&quot;&quot;,&quot;bottom&quot;:&quot;&quot;,&quot;left&quot;:&quot;&quot;,&quot;isLinked&quot;:true},&quot;element_pack_global_tooltip_padding_tablet&quot;:{&quot;unit&quot;:&quot;px&quot;,&quot;top&quot;:&quot;&quot;,&quot;right&quot;:&quot;&quot;,&quot;bottom&quot;:&quot;&quot;,&quot;left&quot;:&quot;&quot;,&quot;isLinked&quot;:true},&quot;element_pack_global_tooltip_padding_mobile&quot;:{&quot;unit&quot;:&quot;px&quot;,&quot;top&quot;:&quot;&quot;,&quot;right&quot;:&quot;&quot;,&quot;bottom&quot;:&quot;&quot;,&quot;left&quot;:&quot;&quot;,&quot;isLinked&quot;:true},&quot;element_pack_global_tooltip_border_radius&quot;:{&quot;unit&quot;:&quot;px&quot;,&quot;top&quot;:&quot;&quot;,&quot;right&quot;:&quot;&quot;,&quot;bottom&quot;:&quot;&quot;,&quot;left&quot;:&quot;&quot;,&quot;isLinked&quot;:true},&quot;element_pack_global_tooltip_border_radius_tablet&quot;:{&quot;unit&quot;:&quot;px&quot;,&quot;top&quot;:&quot;&quot;,&quot;right&quot;:&quot;&quot;,&quot;bottom&quot;:&quot;&quot;,&quot;left&quot;:&quot;&quot;,&quot;isLinked&quot;:true},&quot;element_pack_global_tooltip_border_radius_mobile&quot;:{&quot;unit&quot;:&quot;px&quot;,&quot;top&quot;:&quot;&quot;,&quot;right&quot;:&quot;&quot;,&quot;bottom&quot;:&quot;&quot;,&quot;left&quot;:&quot;&quot;,&quot;isLinked&quot;:true}}\">\n\t\t\t\t<div class=\"elementor-element elementor-element-2e5201e1 e-flex e-con-boxed e-con e-parent\" data-id=\"2e5201e1\" data-element_type=\"container\">\n\t\t\t\t\t<div class=\"e-con-inner\">\n\t\t<div class=\"elementor-element elementor-element-7f81b61b e-con-full e-flex e-con e-child\" data-id=\"7f81b61b\" data-element_type=\"container\">\n\t\t\t\t<div class=\"elementor-element elementor-element-373d5392 elementor-widget elementor-widget-heading\" data-id=\"373d5392\" data-element_type=\"widget\" data-widget_type=\"heading.default\">\n\t\t\t\t<div class=\"elementor-widget-container\">\n\t\t\t\t\t<h2 class=\"elementor-heading-title elementor-size-default\">En son g\u00fcncellemeleri ka\u00e7\u0131rmay\u0131n<\/h2>\t\t\t\t<\/div>\n\t\t\t\t<\/div>\n\t\t\t\t<div class=\"elementor-element elementor-element-366e0de1 elementor-widget__width-initial elementor-widget-tablet__width-initial elementor-widget-mobile__width-inherit elementor-widget elementor-widget-text-editor\" data-id=\"366e0de1\" data-element_type=\"widget\" data-widget_type=\"text-editor.default\">\n\t\t\t\t<div class=\"elementor-widget-container\">\n\t\t\t\t\t\t\t\t\t<p>Blogumuzda, Bentego ekibinin uzman g\u00f6r\u00fc\u015flerini, saha deneyimlerini ve bak\u0131\u015f a\u00e7\u0131lar\u0131n\u0131 payla\u015f\u0131yoruz. Veri profesyonelleri, m\u00fchendisler ve karar vericiler i\u00e7in tasarlanm\u0131\u015f i\u00e7eriklerle bir ad\u0131m \u00f6nde olun.<\/p>\t\t\t\t\t\t\t\t<\/div>\n\t\t\t\t<\/div>\n\t\t\t\t<div class=\"elementor-element elementor-element-8b55c7c no ui-e-apg-classic ui-e-img-anim-zoom elementor-widget elementor-widget-uicore-advanced-post-grid\" data-id=\"8b55c7c\" data-element_type=\"widget\" data-settings=\"{&quot;pagination_type&quot;:&quot;load_more&quot;,&quot;masonry&quot;:&quot;no&quot;}\" data-widget_type=\"uicore-advanced-post-grid.default\">\n\t\t\t\t<div class=\"elementor-widget-container\">\n\t\t\t\t\t            <div class=\"ui-e-adv-grid \">\n                \n                <div class=\"ui-e-post-item ui-e-item ui-e-animations-wrp  \">\n\n                    <article class=\"post-6405 post type-post status-publish format-standard has-post-thumbnail hentry category-blog tag-oracle-tr tag-oracle-pl-sql-tr tag-prosedur tag-sql-tr tag-stored-procedure-tr\">\n                        <div class=\"ui-e-post-top\">\n                                    <a class=\"ui-e-post-img-wrapp\"\n            href=\"https:\/\/bentego.com\/tr\/oracle-sqlde-prosedur-olusturma\/\"\n            title=\"View Post:Oracle SQL\u2019de Prosed\u00fcr Olu\u015fturma\">\n\n                            <div class=\"ui-e-post-img\" style=\"background-image:url(https:\/\/bentego.com\/wp-content\/uploads\/2025\/06\/Frame-86__-1024x683.png)\"><\/div>\n                    <\/a>\n                                                        <\/div>\n                        <div class=\"ui-e-post-content\">\n                                                                <a href=\"https:\/\/bentego.com\/tr\/oracle-sqlde-prosedur-olusturma\/\" title=\"View Post:Oracle SQL\u2019de Prosed\u00fcr Olu\u015fturma\">\n            <h4 class=\"ui-e-post-title\">\n                <span> Oracle SQL\u2019de Prosed\u00fcr Olu\u015fturma <\/span>\n            <\/h4>\n        <\/a>\n                                                            <div class=\"ui-e-post-text\">Merhabalar, bir \u00f6nceki yaz\u0131mda prosed\u00fcr yazman\u0131n avantajlar\u0131ndan ve faydalar\u0131ndan bahsetmi\u015ftim.&hellip;<\/div>                                                                                <\/div>\n                    <\/article>\n\n                <\/div>\n\n                \n                <div class=\"ui-e-post-item ui-e-item ui-e-animations-wrp  \">\n\n                    <article class=\"post-6400 post type-post status-publish format-standard has-post-thumbnail hentry category-blog tag-centos-tr tag-elasticsearch-cluster-tr\">\n                        <div class=\"ui-e-post-top\">\n                                    <a class=\"ui-e-post-img-wrapp\"\n            href=\"https:\/\/bentego.com\/tr\/centos-uzerinde-elasticsearch-cluster-kurulum\/\"\n            title=\"View Post:CentOS \u00dczerinde Elasticsearch Cluster Kurulum\">\n\n                            <div class=\"ui-e-post-img\" style=\"background-image:url(https:\/\/bentego.com\/wp-content\/uploads\/2025\/06\/Frame-82__-1024x683.png)\"><\/div>\n                    <\/a>\n                                                        <\/div>\n                        <div class=\"ui-e-post-content\">\n                                                                <a href=\"https:\/\/bentego.com\/tr\/centos-uzerinde-elasticsearch-cluster-kurulum\/\" title=\"View Post:CentOS \u00dczerinde Elasticsearch Cluster Kurulum\">\n            <h4 class=\"ui-e-post-title\">\n                <span> CentOS \u00dczerinde Elasticsearch Cluster Kurulum <\/span>\n            <\/h4>\n        <\/a>\n                                                            <div class=\"ui-e-post-text\">Artan veri hacmiyle birlikte, arama i\u015flemlerinin h\u0131zl\u0131 ve tutarl\u0131 bi\u00e7imde&hellip;<\/div>                                                                                <\/div>\n                    <\/article>\n\n                <\/div>\n\n                \n                <div class=\"ui-e-post-item ui-e-item ui-e-animations-wrp  \">\n\n                    <article class=\"post-6396 post type-post status-publish format-standard has-post-thumbnail hentry category-blog tag-kafka-connect-tr\">\n                        <div class=\"ui-e-post-top\">\n                                    <a class=\"ui-e-post-img-wrapp\"\n            href=\"https:\/\/bentego.com\/tr\/kafka-connecte-giris\/\"\n            title=\"View Post:Kafka Connect\u2019e Giri\u015f\">\n\n                            <div class=\"ui-e-post-img\" style=\"background-image:url(https:\/\/bentego.com\/wp-content\/uploads\/2025\/06\/Frame-87__-1024x683.png)\"><\/div>\n                    <\/a>\n                                                        <\/div>\n                        <div class=\"ui-e-post-content\">\n                                                                <a href=\"https:\/\/bentego.com\/tr\/kafka-connecte-giris\/\" title=\"View Post:Kafka Connect\u2019e Giri\u015f\">\n            <h4 class=\"ui-e-post-title\">\n                <span> Kafka Connect\u2019e Giri\u015f <\/span>\n            <\/h4>\n        <\/a>\n                                                            <div class=\"ui-e-post-text\">Kafka Connect nedir? \/ ne de\u011fildir ? Apache Kafka ekosisteminde&hellip;<\/div>                                                                                <\/div>\n                    <\/article>\n\n                <\/div>\n\n                \n                <div class=\"ui-e-post-item ui-e-item ui-e-animations-wrp  \">\n\n                    <article class=\"post-6391 post type-post status-publish format-standard has-post-thumbnail hentry category-blog tag-debezium-tr tag-minio-tr tag-spark-tr tag-veri-gol-evi\">\n                        <div class=\"ui-e-post-top\">\n                                    <a class=\"ui-e-post-img-wrapp\"\n            href=\"https:\/\/bentego.com\/tr\/acik-kaynakli-araclarla-lakehouse-apache-iceberg-case-study\/\"\n            title=\"View Post:A\u00e7\u0131k Kaynakl\u0131 Ara\u00e7larla LakeHouse: Apache Iceberg Case Study\">\n\n                            <div class=\"ui-e-post-img\" style=\"background-image:url(https:\/\/bentego.com\/wp-content\/uploads\/2025\/06\/Frame-84__-1024x683.png)\"><\/div>\n                    <\/a>\n                                                        <\/div>\n                        <div class=\"ui-e-post-content\">\n                                                                <a href=\"https:\/\/bentego.com\/tr\/acik-kaynakli-araclarla-lakehouse-apache-iceberg-case-study\/\" title=\"View Post:A\u00e7\u0131k Kaynakl\u0131 Ara\u00e7larla LakeHouse: Apache Iceberg Case Study\">\n            <h4 class=\"ui-e-post-title\">\n                <span> A\u00e7\u0131k Kaynakl\u0131 Ara\u00e7larla LakeHouse: Apache Iceberg Case Study <\/span>\n            <\/h4>\n        <\/a>\n                                                            <div class=\"ui-e-post-text\">G\u00fcn\u00fcm\u00fcz veri platformlar\u0131nda g\u00fcncel ihtiya\u00e7lardan biri, veriyi g\u00fcvenilir \u015fekilde saklamak,&hellip;<\/div>                                                                                <\/div>\n                    <\/article>\n\n                <\/div>\n\n                \n                <div class=\"ui-e-post-item ui-e-item ui-e-animations-wrp  \">\n\n                    <article class=\"post-6292 post type-post status-publish format-standard has-post-thumbnail hentry category-blog tag-encoding-tr tag-encryption-tr tag-veri-bilimi-tr\">\n                        <div class=\"ui-e-post-top\">\n                                    <a class=\"ui-e-post-img-wrapp\"\n            href=\"https:\/\/bentego.com\/tr\/encoding-ve-encryption-veriyi-tasimak-ve-veriyi-korumak\/\"\n            title=\"View Post:Encoding ve Encryption: Veriyi Ta\u015f\u0131mak ve Veriyi Korumak\">\n\n                            <div class=\"ui-e-post-img\" style=\"background-image:url(https:\/\/bentego.com\/wp-content\/uploads\/2025\/06\/Frame-84__-1024x683.png)\"><\/div>\n                    <\/a>\n                                                        <\/div>\n                        <div class=\"ui-e-post-content\">\n                                                                <a href=\"https:\/\/bentego.com\/tr\/encoding-ve-encryption-veriyi-tasimak-ve-veriyi-korumak\/\" title=\"View Post:Encoding ve Encryption: Veriyi Ta\u015f\u0131mak ve Veriyi Korumak\">\n            <h4 class=\"ui-e-post-title\">\n                <span> Encoding ve Encryption: Veriyi Ta\u015f\u0131mak ve Veriyi Korumak <\/span>\n            <\/h4>\n        <\/a>\n                                                            <div class=\"ui-e-post-text\">Giri\u015f Modern bili\u015fim sistemlerinde veri, en de\u011ferli varl\u0131klardan biridir. Bu&hellip;<\/div>                                                                                <\/div>\n                    <\/article>\n\n                <\/div>\n\n                \n                <div class=\"ui-e-post-item ui-e-item ui-e-animations-wrp  \">\n\n                    <article class=\"post-6297 post type-post status-publish format-standard has-post-thumbnail hentry category-blog tag-dijital-karar-tr tag-pega-tr\">\n                        <div class=\"ui-e-post-top\">\n                                    <a class=\"ui-e-post-img-wrapp\"\n            href=\"https:\/\/bentego.com\/tr\/pega-decision-architect-nedir-dijital-kararlarin-mimariyla-tanisin\/\"\n            title=\"View Post:Pega Decision Architect Nedir? Dijital Kararlar\u0131n Mimar\u0131yla Tan\u0131\u015f\u0131n\">\n\n                            <div class=\"ui-e-post-img\" style=\"background-image:url(https:\/\/bentego.com\/wp-content\/uploads\/2025\/06\/Frame-86__-1024x683.png)\"><\/div>\n                    <\/a>\n                                                        <\/div>\n                        <div class=\"ui-e-post-content\">\n                                                                <a href=\"https:\/\/bentego.com\/tr\/pega-decision-architect-nedir-dijital-kararlarin-mimariyla-tanisin\/\" title=\"View Post:Pega Decision Architect Nedir? Dijital Kararlar\u0131n Mimar\u0131yla Tan\u0131\u015f\u0131n\">\n            <h4 class=\"ui-e-post-title\">\n                <span> Pega Decision Architect Nedir? Dijital Kararlar\u0131n Mimar\u0131yla Tan\u0131\u015f\u0131n <\/span>\n            <\/h4>\n        <\/a>\n                                                            <div class=\"ui-e-post-text\">Her g\u00fcn onlarca karar veriyoruz. Kurumlar i\u00e7in de bu durum&hellip;<\/div>                                                                                <\/div>\n                    <\/article>\n\n                <\/div>\n\n                \n                <div class=\"ui-e-post-item ui-e-item ui-e-animations-wrp  \">\n\n                    <article class=\"post-6302 post type-post status-publish format-standard has-post-thumbnail hentry category-blog tag-teknik-donusum-tr tag-veri-bilimi-tr tag-yapay-zeka-tr\">\n                        <div class=\"ui-e-post-top\">\n                                    <a class=\"ui-e-post-img-wrapp\"\n            href=\"https:\/\/bentego.com\/tr\/yapay-zeka-ve-veri-bilimi-teknik-donusum\/\"\n            title=\"View Post:Yapay Zeka ve Veri Bilimi: Teknik D\u00f6n\u00fc\u015f\u00fcm\">\n\n                            <div class=\"ui-e-post-img\" style=\"background-image:url(https:\/\/bentego.com\/wp-content\/uploads\/2025\/06\/Frame-82__-1024x683.png)\"><\/div>\n                    <\/a>\n                                                        <\/div>\n                        <div class=\"ui-e-post-content\">\n                                                                <a href=\"https:\/\/bentego.com\/tr\/yapay-zeka-ve-veri-bilimi-teknik-donusum\/\" title=\"View Post:Yapay Zeka ve Veri Bilimi: Teknik D\u00f6n\u00fc\u015f\u00fcm\">\n            <h4 class=\"ui-e-post-title\">\n                <span> Yapay Zeka ve Veri Bilimi: Teknik D\u00f6n\u00fc\u015f\u00fcm <\/span>\n            <\/h4>\n        <\/a>\n                                                            <div class=\"ui-e-post-text\">Giri\u015f: Yapay Zeka Veri Biliminde Neleri De\u011fi\u015ftiriyor? Yapay zekan\u0131n veri&hellip;<\/div>                                                                                <\/div>\n                    <\/article>\n\n                <\/div>\n\n                \n                <div class=\"ui-e-post-item ui-e-item ui-e-animations-wrp  \">\n\n                    <article class=\"post-6278 post type-post status-publish format-standard has-post-thumbnail hentry category-blog tag-deger-uretme-tr tag-dijital-donusum-tr tag-karar-tr tag-veri-bilimi-tr\">\n                        <div class=\"ui-e-post-top\">\n                                    <a class=\"ui-e-post-img-wrapp\"\n            href=\"https:\/\/bentego.com\/tr\/veriden-deger-uretmek-ham-bilgiden-stratejik-avantaja\/\"\n            title=\"View Post:Veriden De\u011fer \u00dcretmek: Ham Bilgiden Stratejik Avantaja\">\n\n                            <div class=\"ui-e-post-img\" style=\"background-image:url(https:\/\/bentego.com\/wp-content\/uploads\/2025\/06\/Frame-82__-1024x683.png)\"><\/div>\n                    <\/a>\n                                                        <\/div>\n                        <div class=\"ui-e-post-content\">\n                                                                <a href=\"https:\/\/bentego.com\/tr\/veriden-deger-uretmek-ham-bilgiden-stratejik-avantaja\/\" title=\"View Post:Veriden De\u011fer \u00dcretmek: Ham Bilgiden Stratejik Avantaja\">\n            <h4 class=\"ui-e-post-title\">\n                <span> Veriden De\u011fer \u00dcretmek: Ham Bilgiden Stratejik Avantaja <\/span>\n            <\/h4>\n        <\/a>\n                                                            <div class=\"ui-e-post-text\">Veri, dijital d\u00f6n\u00fc\u015f\u00fcm \u00e7a\u011f\u0131n\u0131n en stratejik varl\u0131klar\u0131ndan biri haline geldi.&hellip;<\/div>                                                                                <\/div>\n                    <\/article>\n\n                <\/div>\n\n                \n                <div class=\"ui-e-post-item ui-e-item ui-e-animations-wrp  \">\n\n                    <article class=\"post-6280 post type-post status-publish format-standard has-post-thumbnail hentry category-blog tag-bentego-tr tag-data-fabric-tr tag-data-mesh-tr tag-data-mesh-architecture-tr tag-logical-data-fabric-tr\">\n                        <div class=\"ui-e-post-top\">\n                                    <a class=\"ui-e-post-img-wrapp\"\n            href=\"https:\/\/bentego.com\/tr\/veri-mimarilerinde-yeni-yaklasimlar-data-mesh-ve-data-fabric-nedir\/\"\n            title=\"View Post:Veri Mimarilerinde Yeni Yakla\u015f\u0131mlar: Data Mesh ve Data Fabric Nedir?\">\n\n                            <div class=\"ui-e-post-img\" style=\"background-image:url(https:\/\/bentego.com\/wp-content\/uploads\/2025\/06\/Frame-86__-1024x683.png)\"><\/div>\n                    <\/a>\n                                                        <\/div>\n                        <div class=\"ui-e-post-content\">\n                                                                <a href=\"https:\/\/bentego.com\/tr\/veri-mimarilerinde-yeni-yaklasimlar-data-mesh-ve-data-fabric-nedir\/\" title=\"View Post:Veri Mimarilerinde Yeni Yakla\u015f\u0131mlar: Data Mesh ve Data Fabric Nedir?\">\n            <h4 class=\"ui-e-post-title\">\n                <span> Veri Mimarilerinde Yeni Yakla\u015f\u0131mlar: Data Mesh ve Data Fabric Nedir? <\/span>\n            <\/h4>\n        <\/a>\n                                                            <div class=\"ui-e-post-text\">Veri hacmi ve \u00e7e\u015fitlili\u011fi g\u00fcn ge\u00e7tik\u00e7e artarken, klasik merkezi veri&hellip;<\/div>                                                                                <\/div>\n                    <\/article>\n\n                <\/div>\n\n                            <\/div>\n        <nav data-ui-e-current-page=\"5999\" aria-label=\"Posts navigation\" class=\"ui-e-pagination\">\n            <button class=\"ui-e-load-more elementor-button\">Load more<\/button>\n        <\/nav>\n\t\t\t\t<\/div>\n\t\t\t\t<\/div>\n\t\t\t\t<\/div>\n\t\t\t\t\t<\/div>\n\t\t\t\t<\/div>\n\t\t\t\t<\/div>\n\t\t","protected":false},"excerpt":{"rendered":"<p>En son g\u00fcncellemeleri ka\u00e7\u0131rmay\u0131n Blogumuzda, Bentego ekibinin uzman g\u00f6r\u00fc\u015flerini, saha deneyimlerini ve bak\u0131\u015f a\u00e7\u0131lar\u0131n\u0131 payla\u015f\u0131yoruz. Veri profesyonelleri, m\u00fchendisler ve karar vericiler i\u00e7in [&hellip;]<\/p>\n","protected":false},"author":1,"featured_media":0,"parent":0,"menu_order":0,"comment_status":"closed","ping_status":"closed","template":"","meta":{"inline_featured_image":false,"footnotes":""},"class_list":["post-5999","page","type-page","status-publish","hentry"],"yoast_head":"<!-- This site is optimized with the Yoast SEO plugin v25.4 - https:\/\/yoast.com\/wordpress\/plugins\/seo\/ -->\n<title>Blog - Bentego<\/title>\n<meta name=\"robots\" content=\"index, follow, max-snippet:-1, max-image-preview:large, max-video-preview:-1\" \/>\n<link rel=\"canonical\" href=\"https:\/\/bentego.com\/tr\/blog\/\" \/>\n<meta property=\"og:locale\" content=\"tr_TR\" \/>\n<meta property=\"og:type\" content=\"article\" \/>\n<meta property=\"og:title\" content=\"Blog - Bentego\" \/>\n<meta property=\"og:description\" content=\"En son g\u00fcncellemeleri ka\u00e7\u0131rmay\u0131n Blogumuzda, Bentego ekibinin uzman g\u00f6r\u00fc\u015flerini, saha deneyimlerini ve bak\u0131\u015f a\u00e7\u0131lar\u0131n\u0131 payla\u015f\u0131yoruz. Veri profesyonelleri, m\u00fchendisler ve karar vericiler i\u00e7in [&hellip;]\" \/>\n<meta property=\"og:url\" content=\"https:\/\/bentego.com\/tr\/blog\/\" \/>\n<meta property=\"og:site_name\" content=\"Bentego\" \/>\n<meta property=\"article:modified_time\" content=\"2025-07-28T09:20:05+00:00\" \/>\n<meta name=\"twitter:card\" content=\"summary_large_image\" \/>\n<meta name=\"twitter:label1\" content=\"Tahmini okuma s\u00fcresi\" \/>\n\t<meta name=\"twitter:data1\" content=\"1 dakika\" \/>\n<script type=\"application\/ld+json\" class=\"yoast-schema-graph\">{\"@context\":\"https:\/\/schema.org\",\"@graph\":[{\"@type\":\"WebPage\",\"@id\":\"https:\/\/bentego.com\/tr\/blog\/\",\"url\":\"https:\/\/bentego.com\/tr\/blog\/\",\"name\":\"Blog - Bentego\",\"isPartOf\":{\"@id\":\"https:\/\/bentego.com\/tr\/#website\"},\"datePublished\":\"2025-06-17T18:03:46+00:00\",\"dateModified\":\"2025-07-28T09:20:05+00:00\",\"breadcrumb\":{\"@id\":\"https:\/\/bentego.com\/tr\/blog\/#breadcrumb\"},\"inLanguage\":\"tr\",\"potentialAction\":[{\"@type\":\"ReadAction\",\"target\":[\"https:\/\/bentego.com\/tr\/blog\/\"]}]},{\"@type\":\"BreadcrumbList\",\"@id\":\"https:\/\/bentego.com\/tr\/blog\/#breadcrumb\",\"itemListElement\":[{\"@type\":\"ListItem\",\"position\":1,\"name\":\"Home\",\"item\":\"https:\/\/bentego.com\/tr\/\"},{\"@type\":\"ListItem\",\"position\":2,\"name\":\"Blog\"}]},{\"@type\":\"WebSite\",\"@id\":\"https:\/\/bentego.com\/tr\/#website\",\"url\":\"https:\/\/bentego.com\/tr\/\",\"name\":\"Bentego\",\"description\":\"Turning data into enterprise value\",\"publisher\":{\"@id\":\"https:\/\/bentego.com\/tr\/#organization\"},\"potentialAction\":[{\"@type\":\"SearchAction\",\"target\":{\"@type\":\"EntryPoint\",\"urlTemplate\":\"https:\/\/bentego.com\/tr\/?s={search_term_string}\"},\"query-input\":{\"@type\":\"PropertyValueSpecification\",\"valueRequired\":true,\"valueName\":\"search_term_string\"}}],\"inLanguage\":\"tr\"},{\"@type\":\"Organization\",\"@id\":\"https:\/\/bentego.com\/tr\/#organization\",\"name\":\"Bentego\",\"url\":\"https:\/\/bentego.com\/tr\/\",\"logo\":{\"@type\":\"ImageObject\",\"inLanguage\":\"tr\",\"@id\":\"https:\/\/bentego.com\/tr\/#\/schema\/logo\/image\/\",\"url\":\"https:\/\/bentego.com\/wp-content\/uploads\/2025\/05\/logo-bentego.svg\",\"contentUrl\":\"https:\/\/bentego.com\/wp-content\/uploads\/2025\/05\/logo-bentego.svg\",\"width\":433,\"height\":109,\"caption\":\"Bentego\"},\"image\":{\"@id\":\"https:\/\/bentego.com\/tr\/#\/schema\/logo\/image\/\"}}]}<\/script>\n<!-- \/ Yoast SEO plugin. -->","yoast_head_json":{"title":"Blog - Bentego","robots":{"index":"index","follow":"follow","max-snippet":"max-snippet:-1","max-image-preview":"max-image-preview:large","max-video-preview":"max-video-preview:-1"},"canonical":"https:\/\/bentego.com\/tr\/blog\/","og_locale":"tr_TR","og_type":"article","og_title":"Blog - Bentego","og_description":"En son g\u00fcncellemeleri ka\u00e7\u0131rmay\u0131n Blogumuzda, Bentego ekibinin uzman g\u00f6r\u00fc\u015flerini, saha deneyimlerini ve bak\u0131\u015f a\u00e7\u0131lar\u0131n\u0131 payla\u015f\u0131yoruz. Veri profesyonelleri, m\u00fchendisler ve karar vericiler i\u00e7in [&hellip;]","og_url":"https:\/\/bentego.com\/tr\/blog\/","og_site_name":"Bentego","article_modified_time":"2025-07-28T09:20:05+00:00","twitter_card":"summary_large_image","twitter_misc":{"Tahmini okuma s\u00fcresi":"1 dakika"},"schema":{"@context":"https:\/\/schema.org","@graph":[{"@type":"WebPage","@id":"https:\/\/bentego.com\/tr\/blog\/","url":"https:\/\/bentego.com\/tr\/blog\/","name":"Blog - Bentego","isPartOf":{"@id":"https:\/\/bentego.com\/tr\/#website"},"datePublished":"2025-06-17T18:03:46+00:00","dateModified":"2025-07-28T09:20:05+00:00","breadcrumb":{"@id":"https:\/\/bentego.com\/tr\/blog\/#breadcrumb"},"inLanguage":"tr","potentialAction":[{"@type":"ReadAction","target":["https:\/\/bentego.com\/tr\/blog\/"]}]},{"@type":"BreadcrumbList","@id":"https:\/\/bentego.com\/tr\/blog\/#breadcrumb","itemListElement":[{"@type":"ListItem","position":1,"name":"Home","item":"https:\/\/bentego.com\/tr\/"},{"@type":"ListItem","position":2,"name":"Blog"}]},{"@type":"WebSite","@id":"https:\/\/bentego.com\/tr\/#website","url":"https:\/\/bentego.com\/tr\/","name":"Bentego","description":"Turning data into enterprise value","publisher":{"@id":"https:\/\/bentego.com\/tr\/#organization"},"potentialAction":[{"@type":"SearchAction","target":{"@type":"EntryPoint","urlTemplate":"https:\/\/bentego.com\/tr\/?s={search_term_string}"},"query-input":{"@type":"PropertyValueSpecification","valueRequired":true,"valueName":"search_term_string"}}],"inLanguage":"tr"},{"@type":"Organization","@id":"https:\/\/bentego.com\/tr\/#organization","name":"Bentego","url":"https:\/\/bentego.com\/tr\/","logo":{"@type":"ImageObject","inLanguage":"tr","@id":"https:\/\/bentego.com\/tr\/#\/schema\/logo\/image\/","url":"https:\/\/bentego.com\/wp-content\/uploads\/2025\/05\/logo-bentego.svg","contentUrl":"https:\/\/bentego.com\/wp-content\/uploads\/2025\/05\/logo-bentego.svg","width":433,"height":109,"caption":"Bentego"},"image":{"@id":"https:\/\/bentego.com\/tr\/#\/schema\/logo\/image\/"}}]}},"_links":{"self":[{"href":"https:\/\/bentego.com\/tr\/wp-json\/wp\/v2\/pages\/5999","targetHints":{"allow":["GET"]}}],"collection":[{"href":"https:\/\/bentego.com\/tr\/wp-json\/wp\/v2\/pages"}],"about":[{"href":"https:\/\/bentego.com\/tr\/wp-json\/wp\/v2\/types\/page"}],"author":[{"embeddable":true,"href":"https:\/\/bentego.com\/tr\/wp-json\/wp\/v2\/users\/1"}],"replies":[{"embeddable":true,"href":"https:\/\/bentego.com\/tr\/wp-json\/wp\/v2\/comments?post=5999"}],"version-history":[{"count":5,"href":"https:\/\/bentego.com\/tr\/wp-json\/wp\/v2\/pages\/5999\/revisions"}],"predecessor-version":[{"id":6103,"href":"https:\/\/bentego.com\/tr\/wp-json\/wp\/v2\/pages\/5999\/revisions\/6103"}],"wp:attachment":[{"href":"https:\/\/bentego.com\/tr\/wp-json\/wp\/v2\/media?parent=5999"}],"curies":[{"name":"wp","href":"https:\/\/api.w.org\/{rel}","templated":true}]}}