{"id":5987,"date":"2025-06-18T11:49:37","date_gmt":"2025-06-18T11:49:37","guid":{"rendered":"https:\/\/bentego.com\/belge-isleme-cozumleri\/"},"modified":"2025-07-28T08:54:26","modified_gmt":"2025-07-28T08:54:26","slug":"belge-isleme-cozumleri","status":"publish","type":"page","link":"https:\/\/bentego.com\/tr\/belge-isleme-cozumleri\/","title":{"rendered":"Belge \u0130\u015fleme \u00c7\u00f6z\u00fcmleri"},"content":{"rendered":"\t\t<div data-elementor-type=\"wp-page\" data-elementor-id=\"5987\" class=\"elementor elementor-5987 elementor-807\" data-elementor-settings=\"{&quot;element_pack_global_tooltip_width&quot;:{&quot;unit&quot;:&quot;px&quot;,&quot;size&quot;:&quot;&quot;,&quot;sizes&quot;:[]},&quot;element_pack_global_tooltip_width_tablet&quot;:{&quot;unit&quot;:&quot;px&quot;,&quot;size&quot;:&quot;&quot;,&quot;sizes&quot;:[]},&quot;element_pack_global_tooltip_width_mobile&quot;:{&quot;unit&quot;:&quot;px&quot;,&quot;size&quot;:&quot;&quot;,&quot;sizes&quot;:[]},&quot;element_pack_global_tooltip_padding&quot;:{&quot;unit&quot;:&quot;px&quot;,&quot;top&quot;:&quot;&quot;,&quot;right&quot;:&quot;&quot;,&quot;bottom&quot;:&quot;&quot;,&quot;left&quot;:&quot;&quot;,&quot;isLinked&quot;:true},&quot;element_pack_global_tooltip_padding_tablet&quot;:{&quot;unit&quot;:&quot;px&quot;,&quot;top&quot;:&quot;&quot;,&quot;right&quot;:&quot;&quot;,&quot;bottom&quot;:&quot;&quot;,&quot;left&quot;:&quot;&quot;,&quot;isLinked&quot;:true},&quot;element_pack_global_tooltip_padding_mobile&quot;:{&quot;unit&quot;:&quot;px&quot;,&quot;top&quot;:&quot;&quot;,&quot;right&quot;:&quot;&quot;,&quot;bottom&quot;:&quot;&quot;,&quot;left&quot;:&quot;&quot;,&quot;isLinked&quot;:true},&quot;element_pack_global_tooltip_border_radius&quot;:{&quot;unit&quot;:&quot;px&quot;,&quot;top&quot;:&quot;&quot;,&quot;right&quot;:&quot;&quot;,&quot;bottom&quot;:&quot;&quot;,&quot;left&quot;:&quot;&quot;,&quot;isLinked&quot;:true},&quot;element_pack_global_tooltip_border_radius_tablet&quot;:{&quot;unit&quot;:&quot;px&quot;,&quot;top&quot;:&quot;&quot;,&quot;right&quot;:&quot;&quot;,&quot;bottom&quot;:&quot;&quot;,&quot;left&quot;:&quot;&quot;,&quot;isLinked&quot;:true},&quot;element_pack_global_tooltip_border_radius_mobile&quot;:{&quot;unit&quot;:&quot;px&quot;,&quot;top&quot;:&quot;&quot;,&quot;right&quot;:&quot;&quot;,&quot;bottom&quot;:&quot;&quot;,&quot;left&quot;:&quot;&quot;,&quot;isLinked&quot;:true}}\">\n\t\t\t\t\t\t<div class=\"elementor-section elementor-top-section elementor-element elementor-element-2aeb308 elementor-section-boxed elementor-section-height-default elementor-section-height-default\" data-id=\"2aeb308\" data-element_type=\"section\">\n\t\t\t\t\t\t<div class=\"elementor-container elementor-column-gap-default\">\n\t\t\t\t\t<div class=\"elementor-column elementor-col-100 elementor-top-column elementor-element elementor-element-aab79d1 elementor-invisible\" data-id=\"aab79d1\" data-element_type=\"column\" data-settings=\"{&quot;animation&quot;:&quot;fadeInUp&quot;}\">\n\t\t\t<div class=\"elementor-widget-wrap elementor-element-populated\">\n\t\t\t\t\t\t<div class=\"elementor-section elementor-inner-section elementor-element elementor-element-5b9707b  ui-fluid-animation-2 elementor-section-boxed elementor-section-height-default elementor-section-height-default\" data-id=\"5b9707b\" data-element_type=\"section\" data-settings=\"{&quot;background_background&quot;:&quot;gradient&quot;,&quot;section_fluid_on&quot;:&quot;yes&quot;}\">\n\t\t\t\t\t\t\t<div class=\"elementor-background-overlay\"><\/div>\n\t\t\t\t\t\t\t<div class=\"elementor-container elementor-column-gap-default\">\n\t\t\t\t\t<div class=\"elementor-column elementor-col-100 elementor-inner-column elementor-element elementor-element-b352928\" data-id=\"b352928\" data-element_type=\"column\" data-settings=\"{&quot;background_background&quot;:&quot;gradient&quot;}\">\n\t\t\t<div class=\"elementor-widget-wrap elementor-element-populated\">\n\t\t\t\t\t<div class=\"elementor-background-overlay\"><\/div>\n\t\t\t\t\t\t<div class=\"elementor-element elementor-element-9706b6f elementor-invisible elementor-widget elementor-widget-heading\" data-id=\"9706b6f\" data-element_type=\"widget\" data-settings=\"{&quot;_animation&quot;:&quot;fadeInUp&quot;,&quot;_animation_delay&quot;:500}\" data-widget_type=\"heading.default\">\n\t\t\t\t<div class=\"elementor-widget-container\">\n\t\t\t\t\t<h5 class=\"elementor-heading-title elementor-size-default\">\u00c7\u00f6z\u00fcmler<\/h5>\t\t\t\t<\/div>\n\t\t\t\t<\/div>\n\t\t\t\t<div class=\"elementor-element elementor-element-73875aa elementor-widget__width-initial elementor-widget-tablet__width-initial elementor-widget-mobile__width-inherit ui-e-a-animate elementor-invisible elementor-widget elementor-widget-highlighted-text\" data-id=\"73875aa\" data-element_type=\"widget\" data-settings=\"{&quot;_animation&quot;:&quot;fadeInUp&quot;,&quot;_animation_delay&quot;:600}\" data-widget_type=\"highlighted-text.default\">\n\t\t\t\t<div class=\"elementor-widget-container\">\n\t\t\t\t\t        <h1 class=\"ui-e--highlighted-text\">\n            <span class=\"ui-e-headline-text elementor-repeater-item-ae0eef1\">Belge \u0130\u015fleme<\/span><span class=\"ui-e-headline-text elementor-repeater-item-fabae50 ui-e-headline-color\">\n\t\t\t\t\t\t\t\t\t<span class=\"whitespace\"><\/span>\n                                    <span>\n                                        <span class=\"ui-e-headline-text ui-e-headline-highlighted\">\u00c7\u00f6z\u00fcmleri<\/span><span class=\"uicore-svg-wrapper\"><svg xmlns=\"http:\/\/www.w3.org\/2000\/svg\" viewBox=\"0 0 500 150\" preserveAspectRatio=\"none\"><\/svg><\/span><\/span> <span class=\"whitespace\"> <\/span><\/span>        <\/h1>\n    \t\t\t\t<\/div>\n\t\t\t\t<\/div>\n\t\t\t\t<div class=\"elementor-element elementor-element-654f8d0 elementor-widget__width-initial elementor-widget-tablet__width-initial elementor-widget-mobile__width-inherit elementor-invisible elementor-widget elementor-widget-text-editor\" data-id=\"654f8d0\" data-element_type=\"widget\" data-settings=\"{&quot;_animation&quot;:&quot;fadeInUp&quot;,&quot;_animation_delay&quot;:700}\" data-widget_type=\"text-editor.default\">\n\t\t\t\t<div class=\"elementor-widget-container\">\n\t\t\t\t\t\t\t\t\t<p><b>Docman, d\u00fczenleyici kurumlar ve resmi otoritelerden gelen belge tabanl\u0131 talepleri otomatik olarak i\u015flemek ve yan\u0131tlamak \u00fczere geli\u015ftirilmi\u015f, yapay zek\u00e2 destekli bir s\u00fcre\u00e7 otomasyon \u00e7\u00f6z\u00fcm\u00fcd\u00fcr.<\/b><\/p><p><b>Docman<\/b><span style=\"font-weight: 400;\"> Manuel s\u00fcre\u00e7lerde olu\u015fabilecek zaman kay\u0131plar\u0131n\u0131 ve insan hatalar\u0131n\u0131 en aza indirerek, belge yo\u011fun s\u00fcre\u00e7lerin sadele\u015ftirilmesini sa\u011flar.<\/span><\/p><p><span style=\"font-weight: 400;\">Ak\u0131ll\u0131 Belge \u0130\u015fleme (IDP) teknolojisiyle \u00e7al\u0131\u015fan Docman; gelen talepleri tarar, analiz eder, gerekli veri alanlar\u0131n\u0131 tespit eder, ilgili i\u00e7 sistemlere sorgular g\u00f6nderir ve talep t\u00fcr\u00fcne g\u00f6re \u00f6nceden tan\u0131ml\u0131 \u015fablonlar \u00fczerinden uygun yan\u0131tlar olu\u015fturur.<\/span><\/p><p><span style=\"font-weight: 400;\">Bankac\u0131l\u0131k, telekom\u00fcnikasyon ve sigorta gibi form yo\u011funlu\u011fu ve reg\u00fclasyon uyumu gerektiren sekt\u00f6rlerde; m\u00fc\u015fteri hizmetlerini h\u0131zland\u0131r\u0131r, yan\u0131t do\u011frulu\u011funu art\u0131r\u0131r ve operasyonel tutarl\u0131l\u0131\u011f\u0131 g\u00fc\u00e7lendirir.<\/span><\/p><p><span style=\"font-weight: 400;\">Tekrarlayan, mevzuat odakl\u0131 belge s\u00fcre\u00e7lerini dijitalle\u015ftirmek isteyen t\u00fcm kurumlar i\u00e7in Docman, \u00f6l\u00e7eklenebilir, g\u00fcvenilir ve etkin bir \u00e7\u00f6z\u00fcmd\u00fcr.<\/span><\/p>\t\t\t\t\t\t\t\t<\/div>\n\t\t\t\t<\/div>\n\t\t\t\t\t<\/div>\n\t\t<\/div>\n\t\t\t\t\t<\/div>\n\t\t<\/div>\n\t\t\t\t\t<\/div>\n\t\t<\/div>\n\t\t\t\t\t<\/div>\n\t\t<\/div>\n\t\t\t\t<\/div>\n\t\t","protected":false},"excerpt":{"rendered":"<p>\u00c7\u00f6z\u00fcmler Belge \u0130\u015fleme \u00c7\u00f6z\u00fcmleri Docman, d\u00fczenleyici kurumlar ve resmi otoritelerden gelen belge tabanl\u0131 talepleri otomatik olarak i\u015flemek ve yan\u0131tlamak \u00fczere geli\u015ftirilmi\u015f, yapay [&hellip;]<\/p>\n","protected":false},"author":1,"featured_media":0,"parent":0,"menu_order":0,"comment_status":"closed","ping_status":"closed","template":"","meta":{"inline_featured_image":false,"footnotes":""},"class_list":["post-5987","page","type-page","status-publish","hentry"],"yoast_head":"<!-- This site is optimized with the Yoast SEO plugin v25.4 - https:\/\/yoast.com\/wordpress\/plugins\/seo\/ -->\n<title>Belge \u0130\u015fleme \u00c7\u00f6z\u00fcmleri - Bentego<\/title>\n<meta name=\"robots\" content=\"index, follow, max-snippet:-1, max-image-preview:large, max-video-preview:-1\" \/>\n<link rel=\"canonical\" href=\"https:\/\/bentego.com\/tr\/belge-isleme-cozumleri\/\" \/>\n<meta property=\"og:locale\" content=\"tr_TR\" \/>\n<meta property=\"og:type\" content=\"article\" \/>\n<meta property=\"og:title\" content=\"Belge \u0130\u015fleme \u00c7\u00f6z\u00fcmleri - Bentego\" \/>\n<meta property=\"og:description\" content=\"\u00c7\u00f6z\u00fcmler Belge \u0130\u015fleme \u00c7\u00f6z\u00fcmleri Docman, d\u00fczenleyici kurumlar ve resmi otoritelerden gelen belge tabanl\u0131 talepleri otomatik olarak i\u015flemek ve yan\u0131tlamak \u00fczere geli\u015ftirilmi\u015f, yapay [&hellip;]\" \/>\n<meta property=\"og:url\" content=\"https:\/\/bentego.com\/tr\/belge-isleme-cozumleri\/\" \/>\n<meta property=\"og:site_name\" content=\"Bentego\" \/>\n<meta property=\"article:modified_time\" content=\"2025-07-28T08:54:26+00:00\" \/>\n<meta name=\"twitter:card\" content=\"summary_large_image\" \/>\n<meta name=\"twitter:label1\" content=\"Tahmini okuma s\u00fcresi\" \/>\n\t<meta name=\"twitter:data1\" content=\"1 dakika\" \/>\n<script type=\"application\/ld+json\" class=\"yoast-schema-graph\">{\"@context\":\"https:\/\/schema.org\",\"@graph\":[{\"@type\":\"WebPage\",\"@id\":\"https:\/\/bentego.com\/tr\/belge-isleme-cozumleri\/\",\"url\":\"https:\/\/bentego.com\/tr\/belge-isleme-cozumleri\/\",\"name\":\"Belge \u0130\u015fleme \u00c7\u00f6z\u00fcmleri - Bentego\",\"isPartOf\":{\"@id\":\"https:\/\/bentego.com\/tr\/#website\"},\"datePublished\":\"2025-06-18T11:49:37+00:00\",\"dateModified\":\"2025-07-28T08:54:26+00:00\",\"breadcrumb\":{\"@id\":\"https:\/\/bentego.com\/tr\/belge-isleme-cozumleri\/#breadcrumb\"},\"inLanguage\":\"tr\",\"potentialAction\":[{\"@type\":\"ReadAction\",\"target\":[\"https:\/\/bentego.com\/tr\/belge-isleme-cozumleri\/\"]}]},{\"@type\":\"BreadcrumbList\",\"@id\":\"https:\/\/bentego.com\/tr\/belge-isleme-cozumleri\/#breadcrumb\",\"itemListElement\":[{\"@type\":\"ListItem\",\"position\":1,\"name\":\"Home\",\"item\":\"https:\/\/bentego.com\/tr\/\"},{\"@type\":\"ListItem\",\"position\":2,\"name\":\"Belge \u0130\u015fleme \u00c7\u00f6z\u00fcmleri\"}]},{\"@type\":\"WebSite\",\"@id\":\"https:\/\/bentego.com\/tr\/#website\",\"url\":\"https:\/\/bentego.com\/tr\/\",\"name\":\"Bentego\",\"description\":\"Turning data into enterprise value\",\"publisher\":{\"@id\":\"https:\/\/bentego.com\/tr\/#organization\"},\"potentialAction\":[{\"@type\":\"SearchAction\",\"target\":{\"@type\":\"EntryPoint\",\"urlTemplate\":\"https:\/\/bentego.com\/tr\/?s={search_term_string}\"},\"query-input\":{\"@type\":\"PropertyValueSpecification\",\"valueRequired\":true,\"valueName\":\"search_term_string\"}}],\"inLanguage\":\"tr\"},{\"@type\":\"Organization\",\"@id\":\"https:\/\/bentego.com\/tr\/#organization\",\"name\":\"Bentego\",\"url\":\"https:\/\/bentego.com\/tr\/\",\"logo\":{\"@type\":\"ImageObject\",\"inLanguage\":\"tr\",\"@id\":\"https:\/\/bentego.com\/tr\/#\/schema\/logo\/image\/\",\"url\":\"https:\/\/bentego.com\/wp-content\/uploads\/2025\/05\/logo-bentego.svg\",\"contentUrl\":\"https:\/\/bentego.com\/wp-content\/uploads\/2025\/05\/logo-bentego.svg\",\"width\":433,\"height\":109,\"caption\":\"Bentego\"},\"image\":{\"@id\":\"https:\/\/bentego.com\/tr\/#\/schema\/logo\/image\/\"}}]}<\/script>\n<!-- \/ Yoast SEO plugin. -->","yoast_head_json":{"title":"Belge \u0130\u015fleme \u00c7\u00f6z\u00fcmleri - Bentego","robots":{"index":"index","follow":"follow","max-snippet":"max-snippet:-1","max-image-preview":"max-image-preview:large","max-video-preview":"max-video-preview:-1"},"canonical":"https:\/\/bentego.com\/tr\/belge-isleme-cozumleri\/","og_locale":"tr_TR","og_type":"article","og_title":"Belge \u0130\u015fleme \u00c7\u00f6z\u00fcmleri - Bentego","og_description":"\u00c7\u00f6z\u00fcmler Belge \u0130\u015fleme \u00c7\u00f6z\u00fcmleri Docman, d\u00fczenleyici kurumlar ve resmi otoritelerden gelen belge tabanl\u0131 talepleri otomatik olarak i\u015flemek ve yan\u0131tlamak \u00fczere geli\u015ftirilmi\u015f, yapay [&hellip;]","og_url":"https:\/\/bentego.com\/tr\/belge-isleme-cozumleri\/","og_site_name":"Bentego","article_modified_time":"2025-07-28T08:54:26+00:00","twitter_card":"summary_large_image","twitter_misc":{"Tahmini okuma s\u00fcresi":"1 dakika"},"schema":{"@context":"https:\/\/schema.org","@graph":[{"@type":"WebPage","@id":"https:\/\/bentego.com\/tr\/belge-isleme-cozumleri\/","url":"https:\/\/bentego.com\/tr\/belge-isleme-cozumleri\/","name":"Belge \u0130\u015fleme \u00c7\u00f6z\u00fcmleri - Bentego","isPartOf":{"@id":"https:\/\/bentego.com\/tr\/#website"},"datePublished":"2025-06-18T11:49:37+00:00","dateModified":"2025-07-28T08:54:26+00:00","breadcrumb":{"@id":"https:\/\/bentego.com\/tr\/belge-isleme-cozumleri\/#breadcrumb"},"inLanguage":"tr","potentialAction":[{"@type":"ReadAction","target":["https:\/\/bentego.com\/tr\/belge-isleme-cozumleri\/"]}]},{"@type":"BreadcrumbList","@id":"https:\/\/bentego.com\/tr\/belge-isleme-cozumleri\/#breadcrumb","itemListElement":[{"@type":"ListItem","position":1,"name":"Home","item":"https:\/\/bentego.com\/tr\/"},{"@type":"ListItem","position":2,"name":"Belge \u0130\u015fleme \u00c7\u00f6z\u00fcmleri"}]},{"@type":"WebSite","@id":"https:\/\/bentego.com\/tr\/#website","url":"https:\/\/bentego.com\/tr\/","name":"Bentego","description":"Turning data into enterprise value","publisher":{"@id":"https:\/\/bentego.com\/tr\/#organization"},"potentialAction":[{"@type":"SearchAction","target":{"@type":"EntryPoint","urlTemplate":"https:\/\/bentego.com\/tr\/?s={search_term_string}"},"query-input":{"@type":"PropertyValueSpecification","valueRequired":true,"valueName":"search_term_string"}}],"inLanguage":"tr"},{"@type":"Organization","@id":"https:\/\/bentego.com\/tr\/#organization","name":"Bentego","url":"https:\/\/bentego.com\/tr\/","logo":{"@type":"ImageObject","inLanguage":"tr","@id":"https:\/\/bentego.com\/tr\/#\/schema\/logo\/image\/","url":"https:\/\/bentego.com\/wp-content\/uploads\/2025\/05\/logo-bentego.svg","contentUrl":"https:\/\/bentego.com\/wp-content\/uploads\/2025\/05\/logo-bentego.svg","width":433,"height":109,"caption":"Bentego"},"image":{"@id":"https:\/\/bentego.com\/tr\/#\/schema\/logo\/image\/"}}]}},"_links":{"self":[{"href":"https:\/\/bentego.com\/tr\/wp-json\/wp\/v2\/pages\/5987","targetHints":{"allow":["GET"]}}],"collection":[{"href":"https:\/\/bentego.com\/tr\/wp-json\/wp\/v2\/pages"}],"about":[{"href":"https:\/\/bentego.com\/tr\/wp-json\/wp\/v2\/types\/page"}],"author":[{"embeddable":true,"href":"https:\/\/bentego.com\/tr\/wp-json\/wp\/v2\/users\/1"}],"replies":[{"embeddable":true,"href":"https:\/\/bentego.com\/tr\/wp-json\/wp\/v2\/comments?post=5987"}],"version-history":[{"count":3,"href":"https:\/\/bentego.com\/tr\/wp-json\/wp\/v2\/pages\/5987\/revisions"}],"predecessor-version":[{"id":6083,"href":"https:\/\/bentego.com\/tr\/wp-json\/wp\/v2\/pages\/5987\/revisions\/6083"}],"wp:attachment":[{"href":"https:\/\/bentego.com\/tr\/wp-json\/wp\/v2\/media?parent=5987"}],"curies":[{"name":"wp","href":"https:\/\/api.w.org\/{rel}","templated":true}]}}