{"id":5985,"date":"2025-06-17T17:49:07","date_gmt":"2025-06-17T17:49:07","guid":{"rendered":"https:\/\/bentego.com\/musteri-basarisi\/"},"modified":"2026-02-27T08:29:52","modified_gmt":"2026-02-27T08:29:52","slug":"musteri-basarisi","status":"publish","type":"page","link":"https:\/\/bentego.com\/tr\/musteri-basarisi\/","title":{"rendered":"Ba\u015far\u0131 Hikayelerimiz"},"content":{"rendered":"\t\t<div data-elementor-type=\"wp-page\" data-elementor-id=\"5985\" class=\"elementor elementor-5985 elementor-594\" data-elementor-settings=\"{&quot;element_pack_global_tooltip_width&quot;:{&quot;unit&quot;:&quot;px&quot;,&quot;size&quot;:&quot;&quot;,&quot;sizes&quot;:[]},&quot;element_pack_global_tooltip_width_tablet&quot;:{&quot;unit&quot;:&quot;px&quot;,&quot;size&quot;:&quot;&quot;,&quot;sizes&quot;:[]},&quot;element_pack_global_tooltip_width_mobile&quot;:{&quot;unit&quot;:&quot;px&quot;,&quot;size&quot;:&quot;&quot;,&quot;sizes&quot;:[]},&quot;element_pack_global_tooltip_padding&quot;:{&quot;unit&quot;:&quot;px&quot;,&quot;top&quot;:&quot;&quot;,&quot;right&quot;:&quot;&quot;,&quot;bottom&quot;:&quot;&quot;,&quot;left&quot;:&quot;&quot;,&quot;isLinked&quot;:true},&quot;element_pack_global_tooltip_padding_tablet&quot;:{&quot;unit&quot;:&quot;px&quot;,&quot;top&quot;:&quot;&quot;,&quot;right&quot;:&quot;&quot;,&quot;bottom&quot;:&quot;&quot;,&quot;left&quot;:&quot;&quot;,&quot;isLinked&quot;:true},&quot;element_pack_global_tooltip_padding_mobile&quot;:{&quot;unit&quot;:&quot;px&quot;,&quot;top&quot;:&quot;&quot;,&quot;right&quot;:&quot;&quot;,&quot;bottom&quot;:&quot;&quot;,&quot;left&quot;:&quot;&quot;,&quot;isLinked&quot;:true},&quot;element_pack_global_tooltip_border_radius&quot;:{&quot;unit&quot;:&quot;px&quot;,&quot;top&quot;:&quot;&quot;,&quot;right&quot;:&quot;&quot;,&quot;bottom&quot;:&quot;&quot;,&quot;left&quot;:&quot;&quot;,&quot;isLinked&quot;:true},&quot;element_pack_global_tooltip_border_radius_tablet&quot;:{&quot;unit&quot;:&quot;px&quot;,&quot;top&quot;:&quot;&quot;,&quot;right&quot;:&quot;&quot;,&quot;bottom&quot;:&quot;&quot;,&quot;left&quot;:&quot;&quot;,&quot;isLinked&quot;:true},&quot;element_pack_global_tooltip_border_radius_mobile&quot;:{&quot;unit&quot;:&quot;px&quot;,&quot;top&quot;:&quot;&quot;,&quot;right&quot;:&quot;&quot;,&quot;bottom&quot;:&quot;&quot;,&quot;left&quot;:&quot;&quot;,&quot;isLinked&quot;:true}}\">\n\t\t\t\t<div class=\"elementor-element elementor-element-2e5201e1 e-flex e-con-boxed e-con e-parent\" data-id=\"2e5201e1\" data-element_type=\"container\">\n\t\t\t\t\t<div class=\"e-con-inner\">\n\t\t<div class=\"elementor-element elementor-element-7f81b61b e-con-full e-flex e-con e-child\" data-id=\"7f81b61b\" data-element_type=\"container\">\n\t\t\t\t<div class=\"elementor-element elementor-element-373d5392 elementor-widget elementor-widget-heading\" data-id=\"373d5392\" data-element_type=\"widget\" data-widget_type=\"heading.default\">\n\t\t\t\t<div class=\"elementor-widget-container\">\n\t\t\t\t\t<h2 class=\"elementor-heading-title elementor-size-default\">Ba\u015far\u0131 Hikayelerimizi Ke\u015ffedin<\/h2>\t\t\t\t<\/div>\n\t\t\t\t<\/div>\n\t\t\t\t<div class=\"elementor-element elementor-element-366e0de1 elementor-widget__width-initial elementor-widget-tablet__width-initial elementor-widget-mobile__width-inherit elementor-widget elementor-widget-text-editor\" data-id=\"366e0de1\" data-element_type=\"widget\" data-widget_type=\"text-editor.default\">\n\t\t\t\t<div class=\"elementor-widget-container\">\n\t\t\t\t\t\t\t\t\t<p>Farkl\u0131 sekt\u00f6rlerde ve sekt\u00f6r liderleriyle yapt\u0131\u011f\u0131m\u0131z \u00e7al\u0131\u015fmalar, Bentego&#8217;nun karma\u015f\u0131k verileri ve operasyonel zorluklar\u0131 nas\u0131l \u00f6l\u00e7\u00fclebilir sonu\u00e7lara d\u00f6n\u00fc\u015ft\u00fcrd\u00fc\u011f\u00fcn\u00fc ve s\u00fcrd\u00fcr\u00fclebilir etki yaratt\u0131\u011f\u0131n\u0131 ortaya koyuyor.<\/p>\t\t\t\t\t\t\t\t<\/div>\n\t\t\t\t<\/div>\n\t\t\t\t<div class=\"elementor-element elementor-element-89a7679 elementor-widget__width-inherit elementor-widget elementor-widget-bdt-post-grid\" data-id=\"89a7679\" data-element_type=\"widget\" data-widget_type=\"bdt-post-grid.bdt-alter\">\n\t\t\t\t<div class=\"elementor-widget-container\">\n\t\t\t\t\t \n\t\t<div id=\"bdt-post-grid-89a7679\" class=\"bdt-post-grid bdt-post-grid-skin-alter\">\n\n\t\t\t\t\t\t<div class=\"bdt-post-grid-item bdt-transition-toggle bdt-position-relative bdt-grid bdt-grid-collapse\" data-bdt-grid=\"\">\n\n\t\t\t\t<div class=\"bdt-position-relative bdt-width-auto@s bdt-pg-alter-image\">\n\t\t\t\t\t<div class=\"bdt-post-grid-img-wrap bdt-overflow-hidden\">\n\t\t\t\t<a href=\"https:\/\/bentego.com\/tr\/milyonlarca-islem-milisaniyelik-karar\/\" class=\"bdt-transition-scale-up bdt-background-cover bdt-transition-opaque bdt-flex\" title=\"Milyonlarca \u0130\u015flem, Milisaniyelik Karar\" style=\"background-image: url(https:\/\/bentego.com\/wp-content\/uploads\/2026\/02\/Frame-123.png)\">\n  \t\t\t\t<\/a>\n\t\t\t<\/div>\t\t\t\t\t\t\t\t\t<\/div>\n\n\t\t  \t\t<div class=\"bdt-post-grid-desc bdt-width-expand@s bdt-padding bdt-plane\">\n\t\t\t\t\t<h1 class=\"bdt-post-grid-title\">\n\t\t\t\t<a href=\"https:\/\/bentego.com\/tr\/milyonlarca-islem-milisaniyelik-karar\/\" class=\"bdt-post-grid-link\" title=\"Milyonlarca \u0130\u015flem, Milisaniyelik Karar\">\n\t\t\t\t\tMilyonlarca \u0130\u015flem, Milisaniyelik Karar\n\t\t\t\t<\/a>\n\t\t\t<\/h1>\n\t\t\t\t\t\t\t<div class=\"bdt-post-grid-excerpt\">\n\t\t\t<p>T\u00fcrkiye\u2019nin \u00f6nde gelen bankalar\u0131ndan biri olan i\u015f orta\u011f\u0131m\u0131z, artan dijital i\u015flem hacmiyle birlikte fraud vakalar\u0131n\u0131<\/p>\n\t\t<\/div>\n\n\t\t\t\t\t\t\t\t\t<div>\n\t\t\t<a href=\"https:\/\/bentego.com\/tr\/milyonlarca-islem-milisaniyelik-karar\/\"\n\t\t\t\tclass=\"bdt-post-grid-readmore bdt-display-inline-block \">\n\t\t\t\tDaha fazla bilgi edinin\t\n\t\t\t\t\t\t\t\t\t<span class=\"bdt-button-icon-align-right\">\n\t\n\t\t\t\t\t\t<i aria-hidden=\"true\" class=\"fa-fw ti ti-angle-right\"><\/i>\t\n\t\t\t\t\t<\/span>\n\t\t\t\t\t\t\t<\/a>\n\t\t<\/div>\n\t\t\t\t\t\t\t\n\t\t\t\t\t\t\t\t\t<\/div>\n\n\t\t\t<\/div>\n\t\t\t  \t\t\t\n\t  \t\t\t\n\t\t\t\t\t\t<div class=\"bdt-post-grid-item bdt-transition-toggle bdt-position-relative bdt-grid bdt-grid-collapse\" data-bdt-grid=\"\">\n\n\t\t\t\t<div class=\"bdt-position-relative bdt-width-auto@s bdt-pg-alter-image\">\n\t\t\t\t\t<div class=\"bdt-post-grid-img-wrap bdt-overflow-hidden\">\n\t\t\t\t<a href=\"https:\/\/bentego.com\/tr\/perakendede-gercek-zamanli-karar-donemi\/\" class=\"bdt-transition-scale-up bdt-background-cover bdt-transition-opaque bdt-flex\" title=\"Perakendede Ger\u00e7ek Zamanl\u0131 Karar D\u00f6nemi\" style=\"background-image: url(https:\/\/bentego.com\/wp-content\/uploads\/2026\/02\/Frame-124.png)\">\n  \t\t\t\t<\/a>\n\t\t\t<\/div>\t\t\t\t\t\t\t\t\t<\/div>\n\n\t\t  \t\t<div class=\"bdt-post-grid-desc bdt-width-expand@s bdt-padding bdt-flex-first@s bdt-alter\">\n\t\t\t\t\t<h1 class=\"bdt-post-grid-title\">\n\t\t\t\t<a href=\"https:\/\/bentego.com\/tr\/perakendede-gercek-zamanli-karar-donemi\/\" class=\"bdt-post-grid-link\" title=\"Perakendede Ger\u00e7ek Zamanl\u0131 Karar D\u00f6nemi\">\n\t\t\t\t\tPerakendede Ger\u00e7ek Zamanl\u0131 Karar D\u00f6nemi\n\t\t\t\t<\/a>\n\t\t\t<\/h1>\n\t\t\t\t\t\t\t<div class=\"bdt-post-grid-excerpt\">\n\t\t\t<p>\u0130\u015f orta\u011f\u0131m\u0131z olan perakende \u015firketi, b\u00fcy\u00fcmeyi yaln\u0131zca ma\u011faza say\u0131s\u0131yla de\u011fil; veriye dayal\u0131 kararlarla y\u00f6netmek istiyordu.<\/p>\n\t\t<\/div>\n\n\t\t\t\t\t\t\t\t\t<div>\n\t\t\t<a href=\"https:\/\/bentego.com\/tr\/perakendede-gercek-zamanli-karar-donemi\/\"\n\t\t\t\tclass=\"bdt-post-grid-readmore bdt-display-inline-block \">\n\t\t\t\tDaha fazla bilgi edinin\t\n\t\t\t\t\t\t\t\t\t<span class=\"bdt-button-icon-align-right\">\n\t\n\t\t\t\t\t\t<i aria-hidden=\"true\" class=\"fa-fw ti ti-angle-right\"><\/i>\t\n\t\t\t\t\t<\/span>\n\t\t\t\t\t\t\t<\/a>\n\t\t<\/div>\n\t\t\t\t\t\t\t\n\t\t\t\t\t\t\t\t\t<\/div>\n\n\t\t\t<\/div>\n\t\t\t  \t\t\t\n\t  \t\t\t\n\t\t\t\t\t\t<div class=\"bdt-post-grid-item bdt-transition-toggle bdt-position-relative bdt-grid bdt-grid-collapse\" data-bdt-grid=\"\">\n\n\t\t\t\t<div class=\"bdt-position-relative bdt-width-auto@s bdt-pg-alter-image\">\n\t\t\t\t\t<div class=\"bdt-post-grid-img-wrap bdt-overflow-hidden\">\n\t\t\t\t<a href=\"https:\/\/bentego.com\/tr\/sigortada-veri-modernizasyonu-14-saatten-gercek-zamanli-karara\/\" class=\"bdt-transition-scale-up bdt-background-cover bdt-transition-opaque bdt-flex\" title=\"Sigortada Veri Modernizasyonu: 14 Saatten Ger\u00e7ek Zamanl\u0131 Karara\" style=\"background-image: url(https:\/\/bentego.com\/wp-content\/uploads\/2026\/02\/Frame-125.png)\">\n  \t\t\t\t<\/a>\n\t\t\t<\/div>\t\t\t\t\t\t\t\t\t<\/div>\n\n\t\t  \t\t<div class=\"bdt-post-grid-desc bdt-width-expand@s bdt-padding bdt-plane\">\n\t\t\t\t\t<h1 class=\"bdt-post-grid-title\">\n\t\t\t\t<a href=\"https:\/\/bentego.com\/tr\/sigortada-veri-modernizasyonu-14-saatten-gercek-zamanli-karara\/\" class=\"bdt-post-grid-link\" title=\"Sigortada Veri Modernizasyonu: 14 Saatten Ger\u00e7ek Zamanl\u0131 Karara\">\n\t\t\t\t\tSigortada Veri Modernizasyonu: 14 Saatten Ger\u00e7ek Zamanl\u0131 Karara\n\t\t\t\t<\/a>\n\t\t\t<\/h1>\n\t\t\t\t\t\t\t<div class=\"bdt-post-grid-excerpt\">\n\t\t\t<p>Sigorta sekt\u00f6r\u00fcnden bir i\u015f orta\u011f\u0131m\u0131z, h\u0131zla artan veri hacmini mevcut altyap\u0131s\u0131yla y\u00f6netmekte zorlan\u0131yordu. ETL s\u00fcre\u00e7leri<\/p>\n\t\t<\/div>\n\n\t\t\t\t\t\t\t\t\t<div>\n\t\t\t<a href=\"https:\/\/bentego.com\/tr\/sigortada-veri-modernizasyonu-14-saatten-gercek-zamanli-karara\/\"\n\t\t\t\tclass=\"bdt-post-grid-readmore bdt-display-inline-block \">\n\t\t\t\tDaha fazla bilgi edinin\t\n\t\t\t\t\t\t\t\t\t<span class=\"bdt-button-icon-align-right\">\n\t\n\t\t\t\t\t\t<i aria-hidden=\"true\" class=\"fa-fw ti ti-angle-right\"><\/i>\t\n\t\t\t\t\t<\/span>\n\t\t\t\t\t\t\t<\/a>\n\t\t<\/div>\n\t\t\t\t\t\t\t\n\t\t\t\t\t\t\t\t\t<\/div>\n\n\t\t\t<\/div>\n\t\t\t  \t\t\t\n\t  \t\t\t\n\t\t\t\t\t\t<div class=\"bdt-post-grid-item bdt-transition-toggle bdt-position-relative bdt-grid bdt-grid-collapse\" data-bdt-grid=\"\">\n\n\t\t\t\t<div class=\"bdt-position-relative bdt-width-auto@s bdt-pg-alter-image\">\n\t\t\t\t\t<div class=\"bdt-post-grid-img-wrap bdt-overflow-hidden\">\n\t\t\t\t<a href=\"https:\/\/bentego.com\/tr\/daha-iyi-kararlar-icin-gercek-zamanli-crm-verileri\/\" class=\"bdt-transition-scale-up bdt-background-cover bdt-transition-opaque bdt-flex\" title=\"Daha iyi kararlar i\u00e7in ger\u00e7ek zamanl\u0131 CRM verileri\" style=\"background-image: url(https:\/\/bentego.com\/wp-content\/uploads\/2025\/06\/Frame-102.png)\">\n  \t\t\t\t<\/a>\n\t\t\t<\/div>\t\t\t\t\t\t\t\t\t<\/div>\n\n\t\t  \t\t<div class=\"bdt-post-grid-desc bdt-width-expand@s bdt-padding bdt-flex-first@s bdt-alter\">\n\t\t\t\t\t<h1 class=\"bdt-post-grid-title\">\n\t\t\t\t<a href=\"https:\/\/bentego.com\/tr\/daha-iyi-kararlar-icin-gercek-zamanli-crm-verileri\/\" class=\"bdt-post-grid-link\" title=\"Daha iyi kararlar i\u00e7in ger\u00e7ek zamanl\u0131 CRM verileri\">\n\t\t\t\t\tDaha iyi kararlar i\u00e7in ger\u00e7ek zamanl\u0131 CRM verileri\n\t\t\t\t<\/a>\n\t\t\t<\/h1>\n\t\t\t\t\t\t\t<div class=\"bdt-post-grid-excerpt\">\n\t\t\t<p>\u00d6nde gelen bir telekom operat\u00f6r\u00fc, CRM sistemlerinden m\u00fc\u015fteri verilerini zaman\u0131nda \u00e7ekip analiz etmede ciddi zorluklar<\/p>\n\t\t<\/div>\n\n\t\t\t\t\t\t\t\t\t<div>\n\t\t\t<a href=\"https:\/\/bentego.com\/tr\/daha-iyi-kararlar-icin-gercek-zamanli-crm-verileri\/\"\n\t\t\t\tclass=\"bdt-post-grid-readmore bdt-display-inline-block \">\n\t\t\t\tDaha fazla bilgi edinin\t\n\t\t\t\t\t\t\t\t\t<span class=\"bdt-button-icon-align-right\">\n\t\n\t\t\t\t\t\t<i aria-hidden=\"true\" class=\"fa-fw ti ti-angle-right\"><\/i>\t\n\t\t\t\t\t<\/span>\n\t\t\t\t\t\t\t<\/a>\n\t\t<\/div>\n\t\t\t\t\t\t\t\n\t\t\t\t\t\t\t\t\t<\/div>\n\n\t\t\t<\/div>\n\t\t\t  \t\t\t\n\t  \t\t\t\n\t\t\t\t\t\t<div class=\"bdt-post-grid-item bdt-transition-toggle bdt-position-relative bdt-grid bdt-grid-collapse\" data-bdt-grid=\"\">\n\n\t\t\t\t<div class=\"bdt-position-relative bdt-width-auto@s bdt-pg-alter-image\">\n\t\t\t\t\t<div class=\"bdt-post-grid-img-wrap bdt-overflow-hidden\">\n\t\t\t\t<a href=\"https:\/\/bentego.com\/tr\/yolculuk-boyunca-gercek-zamanli-etkilesim\/\" class=\"bdt-transition-scale-up bdt-background-cover bdt-transition-opaque bdt-flex\" title=\"Yolculuk boyunca ger\u00e7ek zamanl\u0131 etkile\u015fim\" style=\"background-image: url(https:\/\/bentego.com\/wp-content\/uploads\/2025\/06\/Frame-103.png)\">\n  \t\t\t\t<\/a>\n\t\t\t<\/div>\t\t\t\t\t\t\t\t\t<\/div>\n\n\t\t  \t\t<div class=\"bdt-post-grid-desc bdt-width-expand@s bdt-padding bdt-plane\">\n\t\t\t\t\t<h1 class=\"bdt-post-grid-title\">\n\t\t\t\t<a href=\"https:\/\/bentego.com\/tr\/yolculuk-boyunca-gercek-zamanli-etkilesim\/\" class=\"bdt-post-grid-link\" title=\"Yolculuk boyunca ger\u00e7ek zamanl\u0131 etkile\u015fim\">\n\t\t\t\t\tYolculuk boyunca ger\u00e7ek zamanl\u0131 etkile\u015fim\n\t\t\t\t<\/a>\n\t\t\t<\/h1>\n\t\t\t\t\t\t\t<div class=\"bdt-post-grid-excerpt\">\n\t\t\t<p>\u0130\u015f orta\u011f\u0131m\u0131z olan havayolu \u015firketi, yolcu deneyimini u\u00e7u\u015f \u00f6ncesinden u\u00e7u\u015f sonras\u0131na kadar her temas noktas\u0131nda<\/p>\n\t\t<\/div>\n\n\t\t\t\t\t\t\t\t\t<div>\n\t\t\t<a href=\"https:\/\/bentego.com\/tr\/yolculuk-boyunca-gercek-zamanli-etkilesim\/\"\n\t\t\t\tclass=\"bdt-post-grid-readmore bdt-display-inline-block \">\n\t\t\t\tDaha fazla bilgi edinin\t\n\t\t\t\t\t\t\t\t\t<span class=\"bdt-button-icon-align-right\">\n\t\n\t\t\t\t\t\t<i aria-hidden=\"true\" class=\"fa-fw ti ti-angle-right\"><\/i>\t\n\t\t\t\t\t<\/span>\n\t\t\t\t\t\t\t<\/a>\n\t\t<\/div>\n\t\t\t\t\t\t\t\n\t\t\t\t\t\t\t\t\t<\/div>\n\n\t\t\t<\/div>\n\t\t\t  \t\t\t\n\t  \t\t\t\n\t\t\t\t\t\t<div class=\"bdt-post-grid-item bdt-transition-toggle bdt-position-relative bdt-grid bdt-grid-collapse\" data-bdt-grid=\"\">\n\n\t\t\t\t<div class=\"bdt-position-relative bdt-width-auto@s bdt-pg-alter-image\">\n\t\t\t\t\t<div class=\"bdt-post-grid-img-wrap bdt-overflow-hidden\">\n\t\t\t\t<a href=\"https:\/\/bentego.com\/tr\/daha-akilli-araclar-daha-akilli-musteri-etkilesimi\/\" class=\"bdt-transition-scale-up bdt-background-cover bdt-transition-opaque bdt-flex\" title=\"Daha ak\u0131ll\u0131 ara\u00e7lar, daha ak\u0131ll\u0131 m\u00fc\u015fteri etkile\u015fimi\" style=\"background-image: url(https:\/\/bentego.com\/wp-content\/uploads\/2025\/06\/Frame-101.png)\">\n  \t\t\t\t<\/a>\n\t\t\t<\/div>\t\t\t\t\t\t\t\t\t<\/div>\n\n\t\t  \t\t<div class=\"bdt-post-grid-desc bdt-width-expand@s bdt-padding bdt-flex-first@s bdt-alter\">\n\t\t\t\t\t<h1 class=\"bdt-post-grid-title\">\n\t\t\t\t<a href=\"https:\/\/bentego.com\/tr\/daha-akilli-araclar-daha-akilli-musteri-etkilesimi\/\" class=\"bdt-post-grid-link\" title=\"Daha ak\u0131ll\u0131 ara\u00e7lar, daha ak\u0131ll\u0131 m\u00fc\u015fteri etkile\u015fimi\">\n\t\t\t\t\tDaha ak\u0131ll\u0131 ara\u00e7lar, daha ak\u0131ll\u0131 m\u00fc\u015fteri etkile\u015fimi\n\t\t\t\t<\/a>\n\t\t\t<\/h1>\n\t\t\t\t\t\t\t<div class=\"bdt-post-grid-excerpt\">\n\t\t\t<p>K\u00fcresel bir otomotiv \u00fcreticisi olan i\u015f orta\u011f\u0131m\u0131z, ba\u011fl\u0131 ara\u00e7lardan (connected car) gelen devasa sens\u00f6r verilerini<\/p>\n\t\t<\/div>\n\n\t\t\t\t\t\t\t\t\t<div>\n\t\t\t<a href=\"https:\/\/bentego.com\/tr\/daha-akilli-araclar-daha-akilli-musteri-etkilesimi\/\"\n\t\t\t\tclass=\"bdt-post-grid-readmore bdt-display-inline-block \">\n\t\t\t\tDaha fazla bilgi edinin\t\n\t\t\t\t\t\t\t\t\t<span class=\"bdt-button-icon-align-right\">\n\t\n\t\t\t\t\t\t<i aria-hidden=\"true\" class=\"fa-fw ti ti-angle-right\"><\/i>\t\n\t\t\t\t\t<\/span>\n\t\t\t\t\t\t\t<\/a>\n\t\t<\/div>\n\t\t\t\t\t\t\t\n\t\t\t\t\t\t\t\t\t<\/div>\n\n\t\t\t<\/div>\n\t\t\t  \t\t\t\n\t  \t\t\t\n\t\t\t\t\t\t<div class=\"bdt-post-grid-item bdt-transition-toggle bdt-position-relative bdt-grid bdt-grid-collapse\" data-bdt-grid=\"\">\n\n\t\t\t\t<div class=\"bdt-position-relative bdt-width-auto@s bdt-pg-alter-image\">\n\t\t\t\t\t<div class=\"bdt-post-grid-img-wrap bdt-overflow-hidden\">\n\t\t\t\t<a href=\"https:\/\/bentego.com\/tr\/verimli-ve-hizli-veri-islemeyle-maliyet-avantaji\/\" class=\"bdt-transition-scale-up bdt-background-cover bdt-transition-opaque bdt-flex\" title=\"Verimli ve H\u0131zl\u0131 Veri \u0130\u015flemeyle Maliyet Avantaj\u0131\" style=\"background-image: url(https:\/\/bentego.com\/wp-content\/uploads\/2025\/06\/Frame-100.png)\">\n  \t\t\t\t<\/a>\n\t\t\t<\/div>\t\t\t\t\t\t\t\t\t<\/div>\n\n\t\t  \t\t<div class=\"bdt-post-grid-desc bdt-width-expand@s bdt-padding bdt-plane\">\n\t\t\t\t\t<h1 class=\"bdt-post-grid-title\">\n\t\t\t\t<a href=\"https:\/\/bentego.com\/tr\/verimli-ve-hizli-veri-islemeyle-maliyet-avantaji\/\" class=\"bdt-post-grid-link\" title=\"Verimli ve H\u0131zl\u0131 Veri \u0130\u015flemeyle Maliyet Avantaj\u0131\">\n\t\t\t\t\tVerimli ve H\u0131zl\u0131 Veri \u0130\u015flemeyle Maliyet Avantaj\u0131\n\t\t\t\t<\/a>\n\t\t\t<\/h1>\n\t\t\t\t\t\t\t<div class=\"bdt-post-grid-excerpt\">\n\t\t\t<p>Sekt\u00f6r\u00fcnde lider bir mobil operat\u00f6r olan i\u015f orta\u011f\u0131m\u0131z , veri mimarisini modernize ederek hem ETL<\/p>\n\t\t<\/div>\n\n\t\t\t\t\t\t\t\t\t<div>\n\t\t\t<a href=\"https:\/\/bentego.com\/tr\/verimli-ve-hizli-veri-islemeyle-maliyet-avantaji\/\"\n\t\t\t\tclass=\"bdt-post-grid-readmore bdt-display-inline-block \">\n\t\t\t\tDaha fazla bilgi edinin\t\n\t\t\t\t\t\t\t\t\t<span class=\"bdt-button-icon-align-right\">\n\t\n\t\t\t\t\t\t<i aria-hidden=\"true\" class=\"fa-fw ti ti-angle-right\"><\/i>\t\n\t\t\t\t\t<\/span>\n\t\t\t\t\t\t\t<\/a>\n\t\t<\/div>\n\t\t\t\t\t\t\t\n\t\t\t\t\t\t\t\t\t<\/div>\n\n\t\t\t<\/div>\n\t\t\t  \t\t\t\n\t  \t\t\t\n\t\t\t\t\t<\/div>\t\n \t\t\t\t\t<div class=\"ep-pagination\">\n\t\t\t\t\t\t\t<\/div>\n\t\t\t\t\t\t\t<\/div>\n\t\t\t\t<\/div>\n\t\t\t\t<\/div>\n\t\t\t\t\t<\/div>\n\t\t\t\t<\/div>\n\t\t\t\t<\/div>\n\t\t","protected":false},"excerpt":{"rendered":"<p>Ba\u015far\u0131 Hikayelerimizi Ke\u015ffedin Farkl\u0131 sekt\u00f6rlerde ve sekt\u00f6r liderleriyle yapt\u0131\u011f\u0131m\u0131z \u00e7al\u0131\u015fmalar, Bentego&#8217;nun karma\u015f\u0131k verileri ve operasyonel zorluklar\u0131 nas\u0131l \u00f6l\u00e7\u00fclebilir sonu\u00e7lara d\u00f6n\u00fc\u015ft\u00fcrd\u00fc\u011f\u00fcn\u00fc ve s\u00fcrd\u00fcr\u00fclebilir [&hellip;]<\/p>\n","protected":false},"author":1,"featured_media":0,"parent":0,"menu_order":0,"comment_status":"closed","ping_status":"closed","template":"","meta":{"inline_featured_image":false,"footnotes":""},"class_list":["post-5985","page","type-page","status-publish","hentry"],"yoast_head":"<!-- This site is optimized with the Yoast SEO plugin v25.4 - https:\/\/yoast.com\/wordpress\/plugins\/seo\/ -->\n<title>Ba\u015far\u0131 Hikayelerimiz - Bentego<\/title>\n<meta name=\"robots\" content=\"index, follow, max-snippet:-1, max-image-preview:large, max-video-preview:-1\" \/>\n<link rel=\"canonical\" href=\"https:\/\/bentego.com\/tr\/musteri-basarisi\/\" \/>\n<meta property=\"og:locale\" content=\"tr_TR\" \/>\n<meta property=\"og:type\" content=\"article\" \/>\n<meta property=\"og:title\" content=\"Ba\u015far\u0131 Hikayelerimiz - Bentego\" \/>\n<meta property=\"og:description\" content=\"Ba\u015far\u0131 Hikayelerimizi Ke\u015ffedin Farkl\u0131 sekt\u00f6rlerde ve sekt\u00f6r liderleriyle yapt\u0131\u011f\u0131m\u0131z \u00e7al\u0131\u015fmalar, Bentego&#8217;nun karma\u015f\u0131k verileri ve operasyonel zorluklar\u0131 nas\u0131l \u00f6l\u00e7\u00fclebilir sonu\u00e7lara d\u00f6n\u00fc\u015ft\u00fcrd\u00fc\u011f\u00fcn\u00fc ve s\u00fcrd\u00fcr\u00fclebilir [&hellip;]\" \/>\n<meta property=\"og:url\" content=\"https:\/\/bentego.com\/tr\/musteri-basarisi\/\" \/>\n<meta property=\"og:site_name\" content=\"Bentego\" \/>\n<meta property=\"article:modified_time\" content=\"2026-02-27T08:29:52+00:00\" \/>\n<meta name=\"twitter:card\" content=\"summary_large_image\" \/>\n<meta name=\"twitter:label1\" content=\"Tahmini okuma s\u00fcresi\" \/>\n\t<meta name=\"twitter:data1\" content=\"1 dakika\" \/>\n<script type=\"application\/ld+json\" class=\"yoast-schema-graph\">{\"@context\":\"https:\/\/schema.org\",\"@graph\":[{\"@type\":\"WebPage\",\"@id\":\"https:\/\/bentego.com\/tr\/musteri-basarisi\/\",\"url\":\"https:\/\/bentego.com\/tr\/musteri-basarisi\/\",\"name\":\"Ba\u015far\u0131 Hikayelerimiz - Bentego\",\"isPartOf\":{\"@id\":\"https:\/\/bentego.com\/tr\/#website\"},\"datePublished\":\"2025-06-17T17:49:07+00:00\",\"dateModified\":\"2026-02-27T08:29:52+00:00\",\"breadcrumb\":{\"@id\":\"https:\/\/bentego.com\/tr\/musteri-basarisi\/#breadcrumb\"},\"inLanguage\":\"tr\",\"potentialAction\":[{\"@type\":\"ReadAction\",\"target\":[\"https:\/\/bentego.com\/tr\/musteri-basarisi\/\"]}]},{\"@type\":\"BreadcrumbList\",\"@id\":\"https:\/\/bentego.com\/tr\/musteri-basarisi\/#breadcrumb\",\"itemListElement\":[{\"@type\":\"ListItem\",\"position\":1,\"name\":\"Home\",\"item\":\"https:\/\/bentego.com\/tr\/\"},{\"@type\":\"ListItem\",\"position\":2,\"name\":\"Ba\u015far\u0131 Hikayelerimiz\"}]},{\"@type\":\"WebSite\",\"@id\":\"https:\/\/bentego.com\/tr\/#website\",\"url\":\"https:\/\/bentego.com\/tr\/\",\"name\":\"Bentego\",\"description\":\"Turning data into enterprise value\",\"publisher\":{\"@id\":\"https:\/\/bentego.com\/tr\/#organization\"},\"potentialAction\":[{\"@type\":\"SearchAction\",\"target\":{\"@type\":\"EntryPoint\",\"urlTemplate\":\"https:\/\/bentego.com\/tr\/?s={search_term_string}\"},\"query-input\":{\"@type\":\"PropertyValueSpecification\",\"valueRequired\":true,\"valueName\":\"search_term_string\"}}],\"inLanguage\":\"tr\"},{\"@type\":\"Organization\",\"@id\":\"https:\/\/bentego.com\/tr\/#organization\",\"name\":\"Bentego\",\"url\":\"https:\/\/bentego.com\/tr\/\",\"logo\":{\"@type\":\"ImageObject\",\"inLanguage\":\"tr\",\"@id\":\"https:\/\/bentego.com\/tr\/#\/schema\/logo\/image\/\",\"url\":\"https:\/\/bentego.com\/wp-content\/uploads\/2025\/05\/logo-bentego.svg\",\"contentUrl\":\"https:\/\/bentego.com\/wp-content\/uploads\/2025\/05\/logo-bentego.svg\",\"width\":433,\"height\":109,\"caption\":\"Bentego\"},\"image\":{\"@id\":\"https:\/\/bentego.com\/tr\/#\/schema\/logo\/image\/\"}}]}<\/script>\n<!-- \/ Yoast SEO plugin. -->","yoast_head_json":{"title":"Ba\u015far\u0131 Hikayelerimiz - Bentego","robots":{"index":"index","follow":"follow","max-snippet":"max-snippet:-1","max-image-preview":"max-image-preview:large","max-video-preview":"max-video-preview:-1"},"canonical":"https:\/\/bentego.com\/tr\/musteri-basarisi\/","og_locale":"tr_TR","og_type":"article","og_title":"Ba\u015far\u0131 Hikayelerimiz - Bentego","og_description":"Ba\u015far\u0131 Hikayelerimizi Ke\u015ffedin Farkl\u0131 sekt\u00f6rlerde ve sekt\u00f6r liderleriyle yapt\u0131\u011f\u0131m\u0131z \u00e7al\u0131\u015fmalar, Bentego&#8217;nun karma\u015f\u0131k verileri ve operasyonel zorluklar\u0131 nas\u0131l \u00f6l\u00e7\u00fclebilir sonu\u00e7lara d\u00f6n\u00fc\u015ft\u00fcrd\u00fc\u011f\u00fcn\u00fc ve s\u00fcrd\u00fcr\u00fclebilir [&hellip;]","og_url":"https:\/\/bentego.com\/tr\/musteri-basarisi\/","og_site_name":"Bentego","article_modified_time":"2026-02-27T08:29:52+00:00","twitter_card":"summary_large_image","twitter_misc":{"Tahmini okuma s\u00fcresi":"1 dakika"},"schema":{"@context":"https:\/\/schema.org","@graph":[{"@type":"WebPage","@id":"https:\/\/bentego.com\/tr\/musteri-basarisi\/","url":"https:\/\/bentego.com\/tr\/musteri-basarisi\/","name":"Ba\u015far\u0131 Hikayelerimiz - Bentego","isPartOf":{"@id":"https:\/\/bentego.com\/tr\/#website"},"datePublished":"2025-06-17T17:49:07+00:00","dateModified":"2026-02-27T08:29:52+00:00","breadcrumb":{"@id":"https:\/\/bentego.com\/tr\/musteri-basarisi\/#breadcrumb"},"inLanguage":"tr","potentialAction":[{"@type":"ReadAction","target":["https:\/\/bentego.com\/tr\/musteri-basarisi\/"]}]},{"@type":"BreadcrumbList","@id":"https:\/\/bentego.com\/tr\/musteri-basarisi\/#breadcrumb","itemListElement":[{"@type":"ListItem","position":1,"name":"Home","item":"https:\/\/bentego.com\/tr\/"},{"@type":"ListItem","position":2,"name":"Ba\u015far\u0131 Hikayelerimiz"}]},{"@type":"WebSite","@id":"https:\/\/bentego.com\/tr\/#website","url":"https:\/\/bentego.com\/tr\/","name":"Bentego","description":"Turning data into enterprise value","publisher":{"@id":"https:\/\/bentego.com\/tr\/#organization"},"potentialAction":[{"@type":"SearchAction","target":{"@type":"EntryPoint","urlTemplate":"https:\/\/bentego.com\/tr\/?s={search_term_string}"},"query-input":{"@type":"PropertyValueSpecification","valueRequired":true,"valueName":"search_term_string"}}],"inLanguage":"tr"},{"@type":"Organization","@id":"https:\/\/bentego.com\/tr\/#organization","name":"Bentego","url":"https:\/\/bentego.com\/tr\/","logo":{"@type":"ImageObject","inLanguage":"tr","@id":"https:\/\/bentego.com\/tr\/#\/schema\/logo\/image\/","url":"https:\/\/bentego.com\/wp-content\/uploads\/2025\/05\/logo-bentego.svg","contentUrl":"https:\/\/bentego.com\/wp-content\/uploads\/2025\/05\/logo-bentego.svg","width":433,"height":109,"caption":"Bentego"},"image":{"@id":"https:\/\/bentego.com\/tr\/#\/schema\/logo\/image\/"}}]}},"_links":{"self":[{"href":"https:\/\/bentego.com\/tr\/wp-json\/wp\/v2\/pages\/5985","targetHints":{"allow":["GET"]}}],"collection":[{"href":"https:\/\/bentego.com\/tr\/wp-json\/wp\/v2\/pages"}],"about":[{"href":"https:\/\/bentego.com\/tr\/wp-json\/wp\/v2\/types\/page"}],"author":[{"embeddable":true,"href":"https:\/\/bentego.com\/tr\/wp-json\/wp\/v2\/users\/1"}],"replies":[{"embeddable":true,"href":"https:\/\/bentego.com\/tr\/wp-json\/wp\/v2\/comments?post=5985"}],"version-history":[{"count":4,"href":"https:\/\/bentego.com\/tr\/wp-json\/wp\/v2\/pages\/5985\/revisions"}],"predecessor-version":[{"id":6412,"href":"https:\/\/bentego.com\/tr\/wp-json\/wp\/v2\/pages\/5985\/revisions\/6412"}],"wp:attachment":[{"href":"https:\/\/bentego.com\/tr\/wp-json\/wp\/v2\/media?parent=5985"}],"curies":[{"name":"wp","href":"https:\/\/api.w.org\/{rel}","templated":true}]}}