{"id":5967,"date":"2025-06-17T18:24:34","date_gmt":"2025-06-17T18:24:34","guid":{"rendered":"https:\/\/bentego.com\/is-sureci-cozumleri\/"},"modified":"2025-07-28T08:51:19","modified_gmt":"2025-07-28T08:51:19","slug":"is-sureci-cozumleri","status":"publish","type":"page","link":"https:\/\/bentego.com\/tr\/is-sureci-cozumleri\/","title":{"rendered":"\u0130\u015f S\u00fcreci \u00c7\u00f6z\u00fcmleri"},"content":{"rendered":"\t\t<div data-elementor-type=\"wp-page\" data-elementor-id=\"5967\" class=\"elementor elementor-5967 elementor-678\" data-elementor-settings=\"{&quot;element_pack_global_tooltip_width&quot;:{&quot;unit&quot;:&quot;px&quot;,&quot;size&quot;:&quot;&quot;,&quot;sizes&quot;:[]},&quot;element_pack_global_tooltip_width_tablet&quot;:{&quot;unit&quot;:&quot;px&quot;,&quot;size&quot;:&quot;&quot;,&quot;sizes&quot;:[]},&quot;element_pack_global_tooltip_width_mobile&quot;:{&quot;unit&quot;:&quot;px&quot;,&quot;size&quot;:&quot;&quot;,&quot;sizes&quot;:[]},&quot;element_pack_global_tooltip_padding&quot;:{&quot;unit&quot;:&quot;px&quot;,&quot;top&quot;:&quot;&quot;,&quot;right&quot;:&quot;&quot;,&quot;bottom&quot;:&quot;&quot;,&quot;left&quot;:&quot;&quot;,&quot;isLinked&quot;:true},&quot;element_pack_global_tooltip_padding_tablet&quot;:{&quot;unit&quot;:&quot;px&quot;,&quot;top&quot;:&quot;&quot;,&quot;right&quot;:&quot;&quot;,&quot;bottom&quot;:&quot;&quot;,&quot;left&quot;:&quot;&quot;,&quot;isLinked&quot;:true},&quot;element_pack_global_tooltip_padding_mobile&quot;:{&quot;unit&quot;:&quot;px&quot;,&quot;top&quot;:&quot;&quot;,&quot;right&quot;:&quot;&quot;,&quot;bottom&quot;:&quot;&quot;,&quot;left&quot;:&quot;&quot;,&quot;isLinked&quot;:true},&quot;element_pack_global_tooltip_border_radius&quot;:{&quot;unit&quot;:&quot;px&quot;,&quot;top&quot;:&quot;&quot;,&quot;right&quot;:&quot;&quot;,&quot;bottom&quot;:&quot;&quot;,&quot;left&quot;:&quot;&quot;,&quot;isLinked&quot;:true},&quot;element_pack_global_tooltip_border_radius_tablet&quot;:{&quot;unit&quot;:&quot;px&quot;,&quot;top&quot;:&quot;&quot;,&quot;right&quot;:&quot;&quot;,&quot;bottom&quot;:&quot;&quot;,&quot;left&quot;:&quot;&quot;,&quot;isLinked&quot;:true},&quot;element_pack_global_tooltip_border_radius_mobile&quot;:{&quot;unit&quot;:&quot;px&quot;,&quot;top&quot;:&quot;&quot;,&quot;right&quot;:&quot;&quot;,&quot;bottom&quot;:&quot;&quot;,&quot;left&quot;:&quot;&quot;,&quot;isLinked&quot;:true}}\">\n\t\t\t\t\t\t<div class=\"elementor-section elementor-top-section elementor-element elementor-element-2aeb308 elementor-section-boxed elementor-section-height-default elementor-section-height-default\" data-id=\"2aeb308\" data-element_type=\"section\">\n\t\t\t\t\t\t<div class=\"elementor-container elementor-column-gap-default\">\n\t\t\t\t\t<div class=\"elementor-column elementor-col-100 elementor-top-column elementor-element elementor-element-aab79d1 elementor-invisible\" data-id=\"aab79d1\" data-element_type=\"column\" data-settings=\"{&quot;animation&quot;:&quot;fadeInUp&quot;}\">\n\t\t\t<div class=\"elementor-widget-wrap elementor-element-populated\">\n\t\t\t\t\t\t<div class=\"elementor-section elementor-inner-section elementor-element elementor-element-5b9707b elementor-section-boxed elementor-section-height-default elementor-section-height-default\" data-id=\"5b9707b\" data-element_type=\"section\">\n\t\t\t\t\t\t\t<div class=\"elementor-background-overlay\"><\/div>\n\t\t\t\t\t\t\t<div class=\"elementor-container elementor-column-gap-default\">\n\t\t\t\t\t<div class=\"elementor-column elementor-col-100 elementor-inner-column elementor-element elementor-element-b352928\" data-id=\"b352928\" data-element_type=\"column\" data-settings=\"{&quot;background_background&quot;:&quot;classic&quot;}\">\n\t\t\t<div class=\"elementor-widget-wrap elementor-element-populated\">\n\t\t\t\t\t<div class=\"elementor-background-overlay\"><\/div>\n\t\t\t\t\t\t<div class=\"elementor-element elementor-element-9706b6f elementor-invisible elementor-widget elementor-widget-heading\" data-id=\"9706b6f\" data-element_type=\"widget\" data-settings=\"{&quot;_animation&quot;:&quot;fadeInUp&quot;,&quot;_animation_delay&quot;:500}\" data-widget_type=\"heading.default\">\n\t\t\t\t<div class=\"elementor-widget-container\">\n\t\t\t\t\t<h5 class=\"elementor-heading-title elementor-size-default\">\u00c7\u00f6z\u00fcmler<\/h5>\t\t\t\t<\/div>\n\t\t\t\t<\/div>\n\t\t\t\t<div class=\"elementor-element elementor-element-73875aa elementor-widget__width-initial elementor-widget-tablet__width-initial elementor-widget-mobile__width-inherit ui-e-a-animate elementor-invisible elementor-widget elementor-widget-highlighted-text\" data-id=\"73875aa\" data-element_type=\"widget\" data-settings=\"{&quot;_animation&quot;:&quot;fadeInUp&quot;,&quot;_animation_delay&quot;:600}\" data-widget_type=\"highlighted-text.default\">\n\t\t\t\t<div class=\"elementor-widget-container\">\n\t\t\t\t\t        <h1 class=\"ui-e--highlighted-text\">\n            <span class=\"ui-e-headline-text elementor-repeater-item-ae0eef1\">\u0130\u015f S\u00fcreci<\/span><span class=\"ui-e-headline-text elementor-repeater-item-fabae50 ui-e-headline-color\">\n\t\t\t\t\t\t\t\t\t<span class=\"whitespace\"><\/span>\n                                    <span>\n                                        <span class=\"ui-e-headline-text ui-e-headline-highlighted\">\u00c7\u00f6z\u00fcmleri<\/span><span class=\"uicore-svg-wrapper\"><svg xmlns=\"http:\/\/www.w3.org\/2000\/svg\" viewBox=\"0 0 500 150\" preserveAspectRatio=\"none\"><\/svg><\/span><\/span> <span class=\"whitespace\"> <\/span><\/span>        <\/h1>\n    \t\t\t\t<\/div>\n\t\t\t\t<\/div>\n\t\t\t\t<div class=\"elementor-element elementor-element-654f8d0 elementor-widget__width-initial elementor-widget-tablet__width-initial elementor-widget-mobile__width-inherit elementor-invisible elementor-widget elementor-widget-text-editor\" data-id=\"654f8d0\" data-element_type=\"widget\" data-settings=\"{&quot;_animation&quot;:&quot;fadeInUp&quot;,&quot;_animation_delay&quot;:700}\" data-widget_type=\"text-editor.default\">\n\t\t\t\t<div class=\"elementor-widget-container\">\n\t\t\t\t\t\t\t\t\t<p><span style=\"font-weight: 400;\">Bentego\u2019nun \u0130\u015f S\u00fcreci \u00c7\u00f6z\u00fcmleri, ak\u0131ll\u0131 tasar\u0131m, veriye dayal\u0131 stratejiler ve h\u0131zl\u0131 uygulama sayesinde kurulu\u015flar\u0131n operasyonlar\u0131n\u0131 sadele\u015ftirmesine ve m\u00fc\u015fteri etkile\u015fimlerini daha \u00fcst seviyeye ta\u015f\u0131mas\u0131na yard\u0131mc\u0131 olur.<\/span><\/p>\t\t\t\t\t\t\t\t<\/div>\n\t\t\t\t<\/div>\n\t\t\t\t\t<\/div>\n\t\t<\/div>\n\t\t\t\t\t<\/div>\n\t\t<\/div>\n\t\t\t\t\t<\/div>\n\t\t<\/div>\n\t\t\t\t\t<\/div>\n\t\t<\/div>\n\t\t\t\t<div class=\"elementor-section elementor-top-section elementor-element elementor-element-3f0fc4b elementor-section-boxed elementor-section-height-default elementor-section-height-default\" data-id=\"3f0fc4b\" data-element_type=\"section\">\n\t\t\t\t\t\t<div class=\"elementor-container elementor-column-gap-default\">\n\t\t\t\t\t<div class=\"elementor-column elementor-col-100 elementor-top-column elementor-element elementor-element-aa89206\" data-id=\"aa89206\" data-element_type=\"column\" data-settings=\"{&quot;background_background&quot;:&quot;gradient&quot;}\">\n\t\t\t<div class=\"elementor-widget-wrap elementor-element-populated\">\n\t\t\t\t\t<div class=\"elementor-background-overlay\"><\/div>\n\t\t\t\t\t\t<section class=\"elementor-section elementor-inner-section elementor-element elementor-element-0fca0a5 elementor-section-boxed elementor-section-height-default elementor-section-height-default\" data-id=\"0fca0a5\" data-element_type=\"section\" id=\"customer-journey\">\n\t\t\t\t\t\t<div class=\"elementor-container elementor-column-gap-default\">\n\t\t\t\t\t<div class=\"elementor-column elementor-col-50 elementor-inner-column elementor-element elementor-element-2acb66f\" data-id=\"2acb66f\" data-element_type=\"column\">\n\t\t\t<div class=\"elementor-widget-wrap elementor-element-populated\">\n\t\t\t\t\t\t<div class=\"elementor-element elementor-element-51c3c4e elementor-invisible elementor-widget elementor-widget-image\" data-id=\"51c3c4e\" data-element_type=\"widget\" data-settings=\"{&quot;_animation&quot;:&quot;fadeInUp&quot;,&quot;_animation_delay&quot;:600}\" data-widget_type=\"image.default\">\n\t\t\t\t<div class=\"elementor-widget-container\">\n\t\t\t\t\t\t\t\t\t\t\t\t\t\t\t<img fetchpriority=\"high\" decoding=\"async\" width=\"750\" height=\"500\" src=\"https:\/\/bentego.com\/wp-content\/uploads\/2025\/06\/Conversation-pana-1-1.svg\" class=\"attachment-full size-full wp-image-5874\" alt=\"\" \/>\t\t\t\t\t\t\t\t\t\t\t\t\t\t\t<\/div>\n\t\t\t\t<\/div>\n\t\t\t\t\t<\/div>\n\t\t<\/div>\n\t\t\t\t<div class=\"elementor-column elementor-col-50 elementor-inner-column elementor-element elementor-element-72a34c1\" data-id=\"72a34c1\" data-element_type=\"column\">\n\t\t\t<div class=\"elementor-widget-wrap elementor-element-populated\">\n\t\t\t\t\t\t<div class=\"elementor-element elementor-element-f5d6774 ui-e-a-animate elementor-invisible elementor-widget elementor-widget-highlighted-text\" data-id=\"f5d6774\" data-element_type=\"widget\" data-settings=\"{&quot;_animation&quot;:&quot;fadeInUp&quot;,&quot;_animation_delay&quot;:400}\" data-widget_type=\"highlighted-text.default\">\n\t\t\t\t<div class=\"elementor-widget-container\">\n\t\t\t\t\t        <h2 class=\"ui-e--highlighted-text\">\n            <span class=\"ui-e-headline-text elementor-repeater-item-ae0eef1\">M\u00fc\u015fteri Yolculu\u011fu<\/span><span class=\"ui-e-headline-text elementor-repeater-item-fabae50 ui-e-headline-color\">\n\t\t\t\t\t\t\t\t\t<span class=\"whitespace\"><\/span>\n                                    <span>\n                                        <span class=\"ui-e-headline-text ui-e-headline-highlighted\">\u00c7\u00f6z\u00fcmleri<\/span><span class=\"uicore-svg-wrapper\"><svg xmlns=\"http:\/\/www.w3.org\/2000\/svg\" viewBox=\"0 0 500 150\" preserveAspectRatio=\"none\"><\/svg><\/span><\/span> <span class=\"whitespace\"> <\/span><\/span>        <\/h2>\n    \t\t\t\t<\/div>\n\t\t\t\t<\/div>\n\t\t\t\t<div class=\"elementor-element elementor-element-09e4f1b elementor-invisible elementor-widget elementor-widget-text-editor\" data-id=\"09e4f1b\" data-element_type=\"widget\" data-settings=\"{&quot;_animation&quot;:&quot;fadeInUp&quot;,&quot;_animation_delay&quot;:400}\" data-widget_type=\"text-editor.default\">\n\t\t\t\t<div class=\"elementor-widget-container\">\n\t\t\t\t\t\t\t\t\t<h4><b>Daha ak\u0131ll\u0131 yolculuklar tasarlay\u0131n, kusursuz deneyimler sunun.<\/b><b><br><\/b><\/h4><p><span style=\"font-weight: 400;\">\u0130lk temas an\u0131ndan uzun vadeli sadakate kadar m\u00fc\u015fteri ya\u015fam d\u00f6ng\u00fcs\u00fcn\u00fcn her a\u015famas\u0131nda veriye dayal\u0131, anlaml\u0131 etkile\u015fimler tasarlaman\u0131za destek oluyoruz.<\/span><span style=\"font-weight: 400;\"><br><\/span><span style=\"font-weight: 400;\">Do\u011fru mesaj\u0131, do\u011fru kanalla ve do\u011fru zamanda ileterek memnuniyeti art\u0131rmak, d\u00f6n\u00fc\u015f\u00fcm oranlar\u0131n\u0131 y\u00fckseltmek ve g\u00fcven in\u015fa etmek m\u00fcmk\u00fcn.<\/span><\/p><p><span style=\"font-weight: 400;\">Bentego&#8217;da uygulaman\u0131n \u00f6tesine ge\u00e7iyoruz.<\/span><span style=\"font-weight: 400;\"><br><\/span><span style=\"font-weight: 400;\">Biz de sonu\u00e7 odakl\u0131 yakla\u015f\u0131m\u0131m\u0131zla i\u015f ortaklar\u0131m\u0131z i\u00e7in m\u00fc\u015fteri temas noktalar\u0131n\u0131 analiz ediyor,<\/span><span style=\"font-weight: 400;\"><br><\/span><span style=\"font-weight: 400;\">senaryolar\u0131 birlikte kurguluyor ve ger\u00e7ek zamanl\u0131 veriye dayal\u0131 stratejiler geli\u015ftiriyoruz.<\/span><\/p>\t\t\t\t\t\t\t\t<\/div>\n\t\t\t\t<\/div>\n\t\t\t\t\t<\/div>\n\t\t<\/div>\n\t\t\t\t\t<\/div>\n\t\t<\/section>\n\t\t\t\t<section class=\"elementor-section elementor-inner-section elementor-element elementor-element-96711f5 elementor-reverse-mobile elementor-section-boxed elementor-section-height-default elementor-section-height-default\" data-id=\"96711f5\" data-element_type=\"section\" id=\"business-process\">\n\t\t\t\t\t\t<div class=\"elementor-container elementor-column-gap-default\">\n\t\t\t\t\t<div class=\"elementor-column elementor-col-50 elementor-inner-column elementor-element elementor-element-2475f90\" data-id=\"2475f90\" data-element_type=\"column\">\n\t\t\t<div class=\"elementor-widget-wrap elementor-element-populated\">\n\t\t\t\t\t\t<div class=\"elementor-element elementor-element-2bb5d33 ui-e-a-animate elementor-invisible elementor-widget elementor-widget-highlighted-text\" data-id=\"2bb5d33\" data-element_type=\"widget\" data-settings=\"{&quot;_animation&quot;:&quot;fadeInUp&quot;,&quot;_animation_delay&quot;:400}\" data-widget_type=\"highlighted-text.default\">\n\t\t\t\t<div class=\"elementor-widget-container\">\n\t\t\t\t\t        <h2 class=\"ui-e--highlighted-text\">\n            <span class=\"ui-e-headline-text elementor-repeater-item-ae0eef1\">\u0130\u015f S\u00fcreci<\/span><span class=\"ui-e-headline-text elementor-repeater-item-fabae50 ui-e-headline-color\">\n\t\t\t\t\t\t\t\t\t<span class=\"whitespace\"><\/span>\n                                    <span>\n                                        <span class=\"ui-e-headline-text ui-e-headline-highlighted\">Otomasyonu<\/span><span class=\"uicore-svg-wrapper\"><svg xmlns=\"http:\/\/www.w3.org\/2000\/svg\" viewBox=\"0 0 500 150\" preserveAspectRatio=\"none\"><\/svg><\/span><\/span> <span class=\"whitespace\"> <\/span><\/span>        <\/h2>\n    \t\t\t\t<\/div>\n\t\t\t\t<\/div>\n\t\t\t\t<div class=\"elementor-element elementor-element-3e841a6 elementor-invisible elementor-widget elementor-widget-text-editor\" data-id=\"3e841a6\" data-element_type=\"widget\" data-settings=\"{&quot;_animation&quot;:&quot;fadeInUp&quot;,&quot;_animation_delay&quot;:400}\" data-widget_type=\"text-editor.default\">\n\t\t\t\t<div class=\"elementor-widget-container\">\n\t\t\t\t\t\t\t\t\t<h4><b>Karma\u015f\u0131kl\u0131\u011f\u0131 basitle\u015ftirin, performans\u0131 h\u0131zland\u0131r\u0131n.<\/b><\/h4><p><span style=\"font-weight: 400;\">Art\u0131k t\u00fcm i\u015fletmeler yaln\u0131zca dijitalle\u015ftirilmi\u015f i\u015f ak\u0131\u015flar\u0131ndan fazlas\u0131na ihtiya\u00e7 duyuyor. Ekipleri b\u00fcy\u00fctmeden \u00f6l\u00e7eklenmeyi sa\u011flayan, maliyetleri d\u00fc\u015f\u00fcren ve hata oranlar\u0131n\u0131 minimize eden ak\u0131ll\u0131 otomasyon \u00e7\u00f6z\u00fcmleri \u00f6nemi artan bir gereklilik.<\/span><span style=\"font-weight: 400;\"><br><\/span><span style=\"font-weight: 400;\">Biz de \u00e7\u00f6z\u00fcmlerimizle karma\u015f\u0131k operasyonlar\u0131 sadele\u015ftirirken i\u015fletmelerin daha h\u0131zl\u0131 ve bilin\u00e7li karar almas\u0131na olanak tan\u0131yoruz.<\/span><\/p>\n<p><span style=\"font-weight: 400;\">Otomasyon stratejilerimizi sekt\u00f6r\u00fcn\u00fcze ve i\u015f hedeflerinize \u00f6zel olarak uyarl\u0131yor;<\/span><span style=\"font-weight: 400;\"><br><\/span><span style=\"font-weight: 400;\">par\u00e7al\u0131 s\u00fcre\u00e7leri \u00f6l\u00e7\u00fclebilir faydalarla y\u00fcksek performansl\u0131, dayan\u0131kl\u0131 sistemlere d\u00f6n\u00fc\u015ft\u00fcr\u00fcyoruz.<\/span><\/p>\t\t\t\t\t\t\t\t<\/div>\n\t\t\t\t<\/div>\n\t\t\t\t\t<\/div>\n\t\t<\/div>\n\t\t\t\t<div class=\"elementor-column elementor-col-50 elementor-inner-column elementor-element elementor-element-715c604\" data-id=\"715c604\" data-element_type=\"column\">\n\t\t\t<div class=\"elementor-widget-wrap elementor-element-populated\">\n\t\t\t\t\t\t<div class=\"elementor-element elementor-element-9669b98 elementor-invisible elementor-widget elementor-widget-image\" data-id=\"9669b98\" data-element_type=\"widget\" data-settings=\"{&quot;_animation&quot;:&quot;fadeInUp&quot;,&quot;_animation_delay&quot;:300}\" data-widget_type=\"image.default\">\n\t\t\t\t<div class=\"elementor-widget-container\">\n\t\t\t\t\t\t\t\t\t\t\t\t\t\t\t<img decoding=\"async\" width=\"750\" height=\"500\" src=\"https:\/\/bentego.com\/wp-content\/uploads\/2025\/06\/auto.svg\" class=\"attachment-full size-full wp-image-5921\" alt=\"\" \/>\t\t\t\t\t\t\t\t\t\t\t\t\t\t\t<\/div>\n\t\t\t\t<\/div>\n\t\t\t\t\t<\/div>\n\t\t<\/div>\n\t\t\t\t\t<\/div>\n\t\t<\/section>\n\t\t\t\t\t<\/div>\n\t\t<\/div>\n\t\t\t\t\t<\/div>\n\t\t<\/div>\n\t\t\t\t<\/div>\n\t\t","protected":false},"excerpt":{"rendered":"<p>\u00c7\u00f6z\u00fcmler \u0130\u015f S\u00fcreci \u00c7\u00f6z\u00fcmleri Bentego\u2019nun \u0130\u015f S\u00fcreci \u00c7\u00f6z\u00fcmleri, ak\u0131ll\u0131 tasar\u0131m, veriye dayal\u0131 stratejiler ve h\u0131zl\u0131 uygulama sayesinde kurulu\u015flar\u0131n operasyonlar\u0131n\u0131 sadele\u015ftirmesine ve m\u00fc\u015fteri [&hellip;]<\/p>\n","protected":false},"author":1,"featured_media":0,"parent":0,"menu_order":0,"comment_status":"closed","ping_status":"closed","template":"","meta":{"inline_featured_image":false,"footnotes":""},"class_list":["post-5967","page","type-page","status-publish","hentry"],"yoast_head":"<!-- This site is optimized with the Yoast SEO plugin v25.4 - https:\/\/yoast.com\/wordpress\/plugins\/seo\/ -->\n<title>\u0130\u015f S\u00fcreci \u00c7\u00f6z\u00fcmleri - Bentego<\/title>\n<meta name=\"robots\" content=\"index, follow, max-snippet:-1, max-image-preview:large, max-video-preview:-1\" \/>\n<link rel=\"canonical\" href=\"https:\/\/bentego.com\/tr\/is-sureci-cozumleri\/\" \/>\n<meta property=\"og:locale\" content=\"tr_TR\" \/>\n<meta property=\"og:type\" content=\"article\" \/>\n<meta property=\"og:title\" content=\"\u0130\u015f S\u00fcreci \u00c7\u00f6z\u00fcmleri - Bentego\" \/>\n<meta property=\"og:description\" content=\"\u00c7\u00f6z\u00fcmler \u0130\u015f S\u00fcreci \u00c7\u00f6z\u00fcmleri Bentego\u2019nun \u0130\u015f S\u00fcreci \u00c7\u00f6z\u00fcmleri, ak\u0131ll\u0131 tasar\u0131m, veriye dayal\u0131 stratejiler ve h\u0131zl\u0131 uygulama sayesinde kurulu\u015flar\u0131n operasyonlar\u0131n\u0131 sadele\u015ftirmesine ve m\u00fc\u015fteri [&hellip;]\" \/>\n<meta property=\"og:url\" content=\"https:\/\/bentego.com\/tr\/is-sureci-cozumleri\/\" \/>\n<meta property=\"og:site_name\" content=\"Bentego\" \/>\n<meta property=\"article:modified_time\" content=\"2025-07-28T08:51:19+00:00\" \/>\n<meta name=\"twitter:card\" content=\"summary_large_image\" \/>\n<meta name=\"twitter:label1\" content=\"Tahmini okuma s\u00fcresi\" \/>\n\t<meta name=\"twitter:data1\" content=\"1 dakika\" \/>\n<script type=\"application\/ld+json\" class=\"yoast-schema-graph\">{\"@context\":\"https:\/\/schema.org\",\"@graph\":[{\"@type\":\"WebPage\",\"@id\":\"https:\/\/bentego.com\/tr\/is-sureci-cozumleri\/\",\"url\":\"https:\/\/bentego.com\/tr\/is-sureci-cozumleri\/\",\"name\":\"\u0130\u015f S\u00fcreci \u00c7\u00f6z\u00fcmleri - Bentego\",\"isPartOf\":{\"@id\":\"https:\/\/bentego.com\/tr\/#website\"},\"primaryImageOfPage\":{\"@id\":\"https:\/\/bentego.com\/tr\/is-sureci-cozumleri\/#primaryimage\"},\"image\":{\"@id\":\"https:\/\/bentego.com\/tr\/is-sureci-cozumleri\/#primaryimage\"},\"thumbnailUrl\":\"https:\/\/bentego.com\/wp-content\/uploads\/2025\/06\/Conversation-pana-1-1.svg\",\"datePublished\":\"2025-06-17T18:24:34+00:00\",\"dateModified\":\"2025-07-28T08:51:19+00:00\",\"breadcrumb\":{\"@id\":\"https:\/\/bentego.com\/tr\/is-sureci-cozumleri\/#breadcrumb\"},\"inLanguage\":\"tr\",\"potentialAction\":[{\"@type\":\"ReadAction\",\"target\":[\"https:\/\/bentego.com\/tr\/is-sureci-cozumleri\/\"]}]},{\"@type\":\"ImageObject\",\"inLanguage\":\"tr\",\"@id\":\"https:\/\/bentego.com\/tr\/is-sureci-cozumleri\/#primaryimage\",\"url\":\"https:\/\/bentego.com\/wp-content\/uploads\/2025\/06\/Conversation-pana-1-1.svg\",\"contentUrl\":\"https:\/\/bentego.com\/wp-content\/uploads\/2025\/06\/Conversation-pana-1-1.svg\"},{\"@type\":\"BreadcrumbList\",\"@id\":\"https:\/\/bentego.com\/tr\/is-sureci-cozumleri\/#breadcrumb\",\"itemListElement\":[{\"@type\":\"ListItem\",\"position\":1,\"name\":\"Home\",\"item\":\"https:\/\/bentego.com\/tr\/\"},{\"@type\":\"ListItem\",\"position\":2,\"name\":\"\u0130\u015f S\u00fcreci \u00c7\u00f6z\u00fcmleri\"}]},{\"@type\":\"WebSite\",\"@id\":\"https:\/\/bentego.com\/tr\/#website\",\"url\":\"https:\/\/bentego.com\/tr\/\",\"name\":\"Bentego\",\"description\":\"Turning data into enterprise value\",\"publisher\":{\"@id\":\"https:\/\/bentego.com\/tr\/#organization\"},\"potentialAction\":[{\"@type\":\"SearchAction\",\"target\":{\"@type\":\"EntryPoint\",\"urlTemplate\":\"https:\/\/bentego.com\/tr\/?s={search_term_string}\"},\"query-input\":{\"@type\":\"PropertyValueSpecification\",\"valueRequired\":true,\"valueName\":\"search_term_string\"}}],\"inLanguage\":\"tr\"},{\"@type\":\"Organization\",\"@id\":\"https:\/\/bentego.com\/tr\/#organization\",\"name\":\"Bentego\",\"url\":\"https:\/\/bentego.com\/tr\/\",\"logo\":{\"@type\":\"ImageObject\",\"inLanguage\":\"tr\",\"@id\":\"https:\/\/bentego.com\/tr\/#\/schema\/logo\/image\/\",\"url\":\"https:\/\/bentego.com\/wp-content\/uploads\/2025\/05\/logo-bentego.svg\",\"contentUrl\":\"https:\/\/bentego.com\/wp-content\/uploads\/2025\/05\/logo-bentego.svg\",\"width\":433,\"height\":109,\"caption\":\"Bentego\"},\"image\":{\"@id\":\"https:\/\/bentego.com\/tr\/#\/schema\/logo\/image\/\"}}]}<\/script>\n<!-- \/ Yoast SEO plugin. -->","yoast_head_json":{"title":"\u0130\u015f S\u00fcreci \u00c7\u00f6z\u00fcmleri - Bentego","robots":{"index":"index","follow":"follow","max-snippet":"max-snippet:-1","max-image-preview":"max-image-preview:large","max-video-preview":"max-video-preview:-1"},"canonical":"https:\/\/bentego.com\/tr\/is-sureci-cozumleri\/","og_locale":"tr_TR","og_type":"article","og_title":"\u0130\u015f S\u00fcreci \u00c7\u00f6z\u00fcmleri - Bentego","og_description":"\u00c7\u00f6z\u00fcmler \u0130\u015f S\u00fcreci \u00c7\u00f6z\u00fcmleri Bentego\u2019nun \u0130\u015f S\u00fcreci \u00c7\u00f6z\u00fcmleri, ak\u0131ll\u0131 tasar\u0131m, veriye dayal\u0131 stratejiler ve h\u0131zl\u0131 uygulama sayesinde kurulu\u015flar\u0131n operasyonlar\u0131n\u0131 sadele\u015ftirmesine ve m\u00fc\u015fteri [&hellip;]","og_url":"https:\/\/bentego.com\/tr\/is-sureci-cozumleri\/","og_site_name":"Bentego","article_modified_time":"2025-07-28T08:51:19+00:00","twitter_card":"summary_large_image","twitter_misc":{"Tahmini okuma s\u00fcresi":"1 dakika"},"schema":{"@context":"https:\/\/schema.org","@graph":[{"@type":"WebPage","@id":"https:\/\/bentego.com\/tr\/is-sureci-cozumleri\/","url":"https:\/\/bentego.com\/tr\/is-sureci-cozumleri\/","name":"\u0130\u015f S\u00fcreci \u00c7\u00f6z\u00fcmleri - Bentego","isPartOf":{"@id":"https:\/\/bentego.com\/tr\/#website"},"primaryImageOfPage":{"@id":"https:\/\/bentego.com\/tr\/is-sureci-cozumleri\/#primaryimage"},"image":{"@id":"https:\/\/bentego.com\/tr\/is-sureci-cozumleri\/#primaryimage"},"thumbnailUrl":"https:\/\/bentego.com\/wp-content\/uploads\/2025\/06\/Conversation-pana-1-1.svg","datePublished":"2025-06-17T18:24:34+00:00","dateModified":"2025-07-28T08:51:19+00:00","breadcrumb":{"@id":"https:\/\/bentego.com\/tr\/is-sureci-cozumleri\/#breadcrumb"},"inLanguage":"tr","potentialAction":[{"@type":"ReadAction","target":["https:\/\/bentego.com\/tr\/is-sureci-cozumleri\/"]}]},{"@type":"ImageObject","inLanguage":"tr","@id":"https:\/\/bentego.com\/tr\/is-sureci-cozumleri\/#primaryimage","url":"https:\/\/bentego.com\/wp-content\/uploads\/2025\/06\/Conversation-pana-1-1.svg","contentUrl":"https:\/\/bentego.com\/wp-content\/uploads\/2025\/06\/Conversation-pana-1-1.svg"},{"@type":"BreadcrumbList","@id":"https:\/\/bentego.com\/tr\/is-sureci-cozumleri\/#breadcrumb","itemListElement":[{"@type":"ListItem","position":1,"name":"Home","item":"https:\/\/bentego.com\/tr\/"},{"@type":"ListItem","position":2,"name":"\u0130\u015f S\u00fcreci \u00c7\u00f6z\u00fcmleri"}]},{"@type":"WebSite","@id":"https:\/\/bentego.com\/tr\/#website","url":"https:\/\/bentego.com\/tr\/","name":"Bentego","description":"Turning data into enterprise value","publisher":{"@id":"https:\/\/bentego.com\/tr\/#organization"},"potentialAction":[{"@type":"SearchAction","target":{"@type":"EntryPoint","urlTemplate":"https:\/\/bentego.com\/tr\/?s={search_term_string}"},"query-input":{"@type":"PropertyValueSpecification","valueRequired":true,"valueName":"search_term_string"}}],"inLanguage":"tr"},{"@type":"Organization","@id":"https:\/\/bentego.com\/tr\/#organization","name":"Bentego","url":"https:\/\/bentego.com\/tr\/","logo":{"@type":"ImageObject","inLanguage":"tr","@id":"https:\/\/bentego.com\/tr\/#\/schema\/logo\/image\/","url":"https:\/\/bentego.com\/wp-content\/uploads\/2025\/05\/logo-bentego.svg","contentUrl":"https:\/\/bentego.com\/wp-content\/uploads\/2025\/05\/logo-bentego.svg","width":433,"height":109,"caption":"Bentego"},"image":{"@id":"https:\/\/bentego.com\/tr\/#\/schema\/logo\/image\/"}}]}},"_links":{"self":[{"href":"https:\/\/bentego.com\/tr\/wp-json\/wp\/v2\/pages\/5967","targetHints":{"allow":["GET"]}}],"collection":[{"href":"https:\/\/bentego.com\/tr\/wp-json\/wp\/v2\/pages"}],"about":[{"href":"https:\/\/bentego.com\/tr\/wp-json\/wp\/v2\/types\/page"}],"author":[{"embeddable":true,"href":"https:\/\/bentego.com\/tr\/wp-json\/wp\/v2\/users\/1"}],"replies":[{"embeddable":true,"href":"https:\/\/bentego.com\/tr\/wp-json\/wp\/v2\/comments?post=5967"}],"version-history":[{"count":5,"href":"https:\/\/bentego.com\/tr\/wp-json\/wp\/v2\/pages\/5967\/revisions"}],"predecessor-version":[{"id":6081,"href":"https:\/\/bentego.com\/tr\/wp-json\/wp\/v2\/pages\/5967\/revisions\/6081"}],"wp:attachment":[{"href":"https:\/\/bentego.com\/tr\/wp-json\/wp\/v2\/media?parent=5967"}],"curies":[{"name":"wp","href":"https:\/\/api.w.org\/{rel}","templated":true}]}}